{"id":3903,"date":"2026-02-04T12:32:47","date_gmt":"2026-02-04T11:32:47","guid":{"rendered":"https:\/\/marino-mar.com\/?page_id=3903"},"modified":"2026-03-15T12:16:45","modified_gmt":"2026-03-15T11:16:45","slug":"nutzungsbedingungen-widerrufsrecht","status":"publish","type":"page","link":"https:\/\/marino-mar.com\/de\/terms-of-use-cancellation-policy\/","title":{"rendered":"AGB und Stornierungsbedingungen"},"content":{"rendered":"<div data-elementor-type=\"wp-page\" data-elementor-id=\"3903\" class=\"elementor elementor-3903\">\n\t\t\t\t<div class=\"elementor-element elementor-element-d05ab54 e-flex e-con-boxed e-con e-parent\" data-id=\"d05ab54\" data-element_type=\"container\" data-e-type=\"container\">\n\t\t\t\t\t<div class=\"e-con-inner\">\n\t\t\t\t<div class=\"elementor-element elementor-element-33855b6 elementor-widget elementor-widget-cs_text-editor\" data-id=\"33855b6\" data-element_type=\"widget\" data-e-type=\"widget\" data-widget_type=\"cs_text-editor.default\">\n\t\t\t\t<div class=\"elementor-widget-container\">\n\t\t\t\t\t<h3 data-path-to-node=\"6\">1. Geltungsbereich und Anbieter<\/h3><p data-path-to-node=\"7\" class=\"translation-block\">Diese Allgemeinen Gesch\u00e4ftsbedingungen gelten f\u00fcr alle Buchungen, die \u00fcber die Website marino-mar.com vorgenommen werden. Vertragspartner ist: <b data-path-to-node=\"7\" data-index-in-node=\"118\">Gaetano Marino<\/b>, Trauben 12, 88250 Weingarten, Deutschland.<\/p><h3 data-path-to-node=\"8\">1.1 Vertragsabschluss<\/h3><p data-path-to-node=\"9\">Mit Abschluss des Buchungsvorgangs und der Zahlung \u00fcber Stripe kommt ein verbindlicher Mietvertrag f\u00fcr den angegebenen Zeitraum zustande.<\/p><h3 data-path-to-node=\"10\">1.2 Preise und Zahlung<\/h3><ul data-path-to-node=\"11\"><li><p data-path-to-node=\"11,0,0\">Alle Preise sind Endpreise.<\/p><\/li><li><p data-path-to-node=\"11,1,0\">Da es sich bei der Vermietung um eine private T\u00e4tigkeit im Sinne des bulgarischen Patentsteuersystems handelt (Art. 113 bulgarisches Mehrwertsteuergesetz), wird keine Mehrwertsteuer berechnet oder ausgewiesen.<\/p><\/li><li><p data-path-to-node=\"11,2,0\">Die vollst\u00e4ndige Zahlung muss \u00fcber Stripe erfolgen, um die Buchung zu sichern.<\/p><\/li><\/ul><h3 data-path-to-node=\"12\">1.3 Stornierungsbedingungen<\/h3><p data-path-to-node=\"13\" class=\"translation-block\">Gem\u00e4\u00df EU-Recht besteht kein 14-t\u00e4giges Widerrufsrecht f\u00fcr Dienstleistungen im Zusammenhang mit Beherbergungsleistungen, die zu einem bestimmten Zeitpunkt erbracht werden (\u00a7 312g Abs. 2 Nr. 9 BGB).<\/p><p data-path-to-node=\"13\" class=\"translation-block\"><b data-path-to-node=\"5\" data-index-in-node=\"0\">Stornierungen m\u00fcssen schriftlich eingereicht werden. Am einfachsten ist es, wenn Sie einfach auf Ihre Buchungsbest\u00e4tigungs-E-Mail antworten.<\/b> F\u00fcr die Berechnung der Stornierungsfrist ist das Datum des Eingangs ma\u00dfgeblich:<\/p><ul data-path-to-node=\"14\"><li><p data-path-to-node=\"14,0,0\" class=\"translation-block\"><b data-path-to-node=\"14,0,0\" data-index-in-node=\"0\">Stornierung bis zu 30 Tage vor Anreise:<\/b> Vollst\u00e4ndige R\u00fcckerstattung des Buchungsbetrags.<\/p><\/li><li><p data-path-to-node=\"14,1,0\" class=\"translation-block\"><b data-path-to-node=\"14,1,0\" data-index-in-node=\"0\">Stornierung zwischen 29 und 14 Tagen vor Anreise:<\/b> 50 % R\u00fcckerstattung des Gesamtbuchungsbetrags.<\/p><\/li><li><p data-path-to-node=\"14,2,0\" class=\"translation-block\"><b data-path-to-node=\"14,2,0\" data-index-in-node=\"0\">Stornierung weniger als 14 Tage vor Anreise oder Nichterscheinen:<\/b> Es besteht kein Anspruch auf R\u00fcckerstattung.<\/p><\/li><li><p data-path-to-node=\"14,3,0\" class=\"translation-block\"><b data-path-to-node=\"14,3,0\" data-index-in-node=\"0\">Hinweis:<\/b> Wir empfehlen den Abschluss einer Reiser\u00fccktrittsversicherung, um unerwartete Ereignisse abzudecken.<\/p><\/li><\/ul><h3 data-path-to-node=\"15\">1.4 Obligatorische Registrierung (ESTI)<\/h3><p data-path-to-node=\"16\">Der Gast ist gesetzlich verpflichtet, personenbezogene Daten (Reisepass\/Personalausweis) f\u00fcr das bulgarische Touristenregister (ESTI) anzugeben. Dies erfolgt \u00fcber unseren sicheren JotForm-Link, der nach der Buchung bereitgestellt wird.<\/p>\t\t\t\t<\/div>\n\t\t\t\t<\/div>\n\t\t\t\t\t<\/div>\n\t\t\t\t<\/div>\n\t\t\t\t<\/div>","protected":false},"excerpt":{"rendered":"<p>1. Scope and Provider These terms and conditions apply to all bookings made through the website marino-mar.com. The contractual partner is: Gaetano Marino, Trauben 12, 88250 Weingarten, Germany. 1.1 Conclusion of Contract By completing the booking process and making a payment via Stripe, a binding rental agreement is concluded for the specified period. 1.2 Prices &#8230;<\/p>","protected":false},"author":1,"featured_media":0,"parent":0,"menu_order":0,"comment_status":"closed","ping_status":"closed","template":"","meta":{"cozystay_single_page_hide_site_header":"","cozystay_single_page_site_header_source":"","cozystay_single_page_custom_site_header":"0","cozystay_single_page_custom_sticky_site_header":"0","cozystay_single_page_hide_page_title":"","cozystay_single_page_header_section_size":"","cozystay_single_page_header_background_color":"","cozystay_single_page_header_background_position_x":"center","cozystay_single_page_header_background_position_y":"center","cozystay_single_page_header_background_size":"cover","cozystay_single_page_header_background_repeat":"off","cozystay_single_page_header_background_scroll":"on","cozystay_single_page_header_text_color":"","cozystay_single_page_header_show_breadcrumb":"","cozystay_single_page_site_footer_hide_main":"","cozystay_single_custom_site_footer_main_source":"","cozystay_single_custom_site_footer_main":"0","cozystay_single_page_site_footer_hide_above":"","cozystay_single_custom_site_footer_above_source":"","cozystay_single_custom_site_footer_above":"0","cozystay_single_page_site_footer_hide_instagram":"","cozystay_single_page_site_footer_hide_bottom":"","cozystay_single_custom_mobile_menu_source":"","cozystay_single_custom_mobile_menu":"0","cozystay_single_custom_mobile_menu_animation":"","cozystay_single_custom_mobile_menu_width":"","cozystay_single_custom_mobile_menu_custom_width":375,"footnotes":""},"class_list":["post-3903","page","type-page","status-publish","hentry"],"_links":{"self":[{"href":"https:\/\/marino-mar.com\/de\/wp-json\/wp\/v2\/pages\/3903","targetHints":{"allow":["GET"]}}],"collection":[{"href":"https:\/\/marino-mar.com\/de\/wp-json\/wp\/v2\/pages"}],"about":[{"href":"https:\/\/marino-mar.com\/de\/wp-json\/wp\/v2\/types\/page"}],"author":[{"embeddable":true,"href":"https:\/\/marino-mar.com\/de\/wp-json\/wp\/v2\/users\/1"}],"replies":[{"embeddable":true,"href":"https:\/\/marino-mar.com\/de\/wp-json\/wp\/v2\/comments?post=3903"}],"version-history":[{"count":10,"href":"https:\/\/marino-mar.com\/de\/wp-json\/wp\/v2\/pages\/3903\/revisions"}],"predecessor-version":[{"id":5649,"href":"https:\/\/marino-mar.com\/de\/wp-json\/wp\/v2\/pages\/3903\/revisions\/5649"}],"wp:attachment":[{"href":"https:\/\/marino-mar.com\/de\/wp-json\/wp\/v2\/media?parent=3903"}],"curies":[{"name":"wp","href":"https:\/\/api.w.org\/{rel}","templated":true}]}}