{"id":3952,"date":"2026-02-05T12:02:04","date_gmt":"2026-02-05T11:02:04","guid":{"rendered":"https:\/\/marino-mar.com\/?page_id=3952"},"modified":"2026-03-15T12:15:37","modified_gmt":"2026-03-15T11:15:37","slug":"hausordnung-haftungsvereinbarung","status":"publish","type":"page","link":"https:\/\/marino-mar.com\/de\/house-rules-liability-agreement\/","title":{"rendered":"Hausordnung"},"content":{"rendered":"<div data-elementor-type=\"wp-page\" data-elementor-id=\"3952\" class=\"elementor elementor-3952\">\n\t\t\t\t<div class=\"elementor-element elementor-element-3e40451 e-flex e-con-boxed e-con e-parent\" data-id=\"3e40451\" data-element_type=\"container\" data-e-type=\"container\">\n\t\t\t\t\t<div class=\"e-con-inner\">\n\t\t\t\t<div class=\"elementor-element elementor-element-2a1f788 elementor-widget elementor-widget-cs_text-editor\" data-id=\"2a1f788\" data-element_type=\"widget\" data-e-type=\"widget\" data-widget_type=\"cs_text-editor.default\">\n\t\t\t\t<div class=\"elementor-widget-container\">\n\t\t\t\t\t<h3 data-path-to-node=\"3\"><b data-path-to-node=\"3\" data-index-in-node=\"0\">Hausordnung &amp; Haftungsvereinbarung<\/b><\/h3><p data-path-to-node=\"4\"><b data-path-to-node=\"4\" data-index-in-node=\"0\">1. Unsere Wohnungen (Privatbesitz)<\/b><\/p><ul data-path-to-node=\"5\"><li><p data-path-to-node=\"5,0,0\" class=\"translation-block\"><b data-path-to-node=\"5,0,0\" data-index-in-node=\"0\">Sorgf\u00e4ltiger Umgang mit Eigentum:<\/b> Unsere Boutique-Studios befinden sich in Privatbesitz. Wir bitten Sie, die Einrichtung und Ausstattung pfleglich zu behandeln.<\/p><\/li><li><p data-path-to-node=\"5,1,0\" class=\"translation-block\"><b data-path-to-node=\"5,1,0\" data-index-in-node=\"0\">Meldepflicht:<\/b> Alle w\u00e4hrend Ihres Aufenthalts verursachten Sch\u00e4den, ob versehentlich oder anderweitig, <b data-path-to-node=\"5,1,0\" data-index-in-node=\"90\">m\u00fcssen unverz\u00fcglich der Gesch\u00e4ftsleitung gemeldet werden<\/b>. So k\u00f6nnen wir sicherstellen, dass das Studio f\u00fcr den n\u00e4chsten Gast bereit ist.<\/p><\/li><li><p data-path-to-node=\"5,2,0\" class=\"translation-block\"><b data-path-to-node=\"5,2,0\" data-index-in-node=\"0\">Nichtraucher:<\/b> Das Rauchen ist in den Studios strengstens verboten.<\/p><\/li><\/ul><p data-path-to-node=\"6\"><b data-path-to-node=\"6\" data-index-in-node=\"0\">2. Pool- und Spa-Bereich (Haftungsausschluss)<\/b><\/p><ul data-path-to-node=\"7\"><li><p data-path-to-node=\"7,0,0\" class=\"translation-block\"><b data-path-to-node=\"7,0,0\" data-index-in-node=\"0\">Nutzung auf eigene Gefahr:<\/b> Die Nutzung der Schwimmb\u00e4der, der finnischen Sauna und des Dampfbads erfolgt ausschlie\u00dflich auf eigene Gefahr. Die Gesch\u00e4ftsleitung \u00fcbernimmt keine Haftung f\u00fcr Verletzungen oder gesundheitliche Probleme, die durch die Nutzung dieser Einrichtungen entstehen.<\/p><\/li><li><p data-path-to-node=\"7,1,0\" class=\"translation-block\"><b data-path-to-node=\"7,1,0\" data-index-in-node=\"0\">Aufsicht:<\/b> Kinder m\u00fcssen im Pool- und Spa-Bereich jederzeit von einem Erwachsenen beaufsichtigt werden.<\/p><\/li><li><p data-path-to-node=\"7,2,0\" class=\"translation-block\"><b data-path-to-node=\"7,2,0\" data-index-in-node=\"0\">Haftung f\u00fcr Ger\u00e4te:<\/b> F\u00fcr Sch\u00e4den an den technischen Ger\u00e4ten des Pools oder Spas (z. B. Sauna\u00f6fen, Filtersysteme), die durch unsachgem\u00e4\u00dfen Gebrauch verursacht werden, haftet der Gast finanziell.<\/p><\/li><\/ul><p data-path-to-node=\"8\"><b data-path-to-node=\"8\" data-index-in-node=\"0\">3. Kaution f\u00fcr Wohnungen (Wohnraum und Einrichtung)<\/b><\/p><ul><li><p data-path-to-node=\"7,1,0,0\" class=\"translation-block\"><b data-path-to-node=\"7,1,0,0\" data-index-in-node=\"0\">Betrag:<\/b> F\u00fcr jede Buchung ist eine Kaution in H\u00f6he von 100 \u20ac zu hinterlegen, um m\u00f6gliche Sch\u00e4den oder Verst\u00f6\u00dfe gegen die Hausordnung (z. B. Rauchen, Besch\u00e4digungen, Haustiere oder andere) abzudecken.<\/p><\/li><li><p data-path-to-node=\"7,1,1,0\" class=\"translation-block\"><b data-path-to-node=\"7,1,1,0\" data-index-in-node=\"0\">Vorgehensweise:<\/b> Die Kaution wird zum Zeitpunkt der Buchung erhoben.<\/p><\/li><li><p data-path-to-node=\"7,1,2,0\" class=\"translation-block\"><b data-path-to-node=\"7,1,2,0\" data-index-in-node=\"0\">R\u00fcckerstattung:<\/b> Nach dem Auschecken wird unser Team vor Ort das Studio \u00fcberpr\u00fcfen. Wenn keine Sch\u00e4den festgestellt werden und alle Hausregeln eingehalten wurden, wird der gesamte Betrag innerhalb von 3 Werktagen auf die urspr\u00fcngliche Zahlungsmethode zur\u00fcckerstattet.<\/p><\/li><li><p data-path-to-node=\"7,1,3,0\" class=\"translation-block\"><b data-path-to-node=\"7,1,3,0\" data-index-in-node=\"0\">Abz\u00fcge:<\/b> Bei Sch\u00e4den, die die Kaution \u00fcbersteigen, haftet der Gast f\u00fcr die gesamten Reparaturkosten.<\/p><\/li><\/ul>\t\t\t\t<\/div>\n\t\t\t\t<\/div>\n\t\t\t\t\t<\/div>\n\t\t\t\t<\/div>\n\t\t\t\t<\/div>","protected":false},"excerpt":{"rendered":"<p>House Rules &amp; Liability Agreement 1. Our Apartments (Private Property) Care of Property: Our boutique studios are privately owned. We ask you to treat the interior and equipment with care. Mandatory Reporting: Any damage caused during your stay, whether accidental or otherwise, must be reported to the management immediately. This allows us to ensure the &#8230;<\/p>","protected":false},"author":1,"featured_media":0,"parent":0,"menu_order":0,"comment_status":"closed","ping_status":"closed","template":"","meta":{"cozystay_single_page_hide_site_header":"","cozystay_single_page_site_header_source":"","cozystay_single_page_custom_site_header":"0","cozystay_single_page_custom_sticky_site_header":"0","cozystay_single_page_hide_page_title":"","cozystay_single_page_header_section_size":"","cozystay_single_page_header_background_color":"","cozystay_single_page_header_background_position_x":"center","cozystay_single_page_header_background_position_y":"center","cozystay_single_page_header_background_size":"cover","cozystay_single_page_header_background_repeat":"off","cozystay_single_page_header_background_scroll":"on","cozystay_single_page_header_text_color":"","cozystay_single_page_header_show_breadcrumb":"","cozystay_single_page_site_footer_hide_main":"","cozystay_single_custom_site_footer_main_source":"","cozystay_single_custom_site_footer_main":"0","cozystay_single_page_site_footer_hide_above":"","cozystay_single_custom_site_footer_above_source":"","cozystay_single_custom_site_footer_above":"0","cozystay_single_page_site_footer_hide_instagram":"","cozystay_single_page_site_footer_hide_bottom":"","cozystay_single_custom_mobile_menu_source":"","cozystay_single_custom_mobile_menu":"0","cozystay_single_custom_mobile_menu_animation":"","cozystay_single_custom_mobile_menu_width":"","cozystay_single_custom_mobile_menu_custom_width":375,"footnotes":""},"class_list":["post-3952","page","type-page","status-publish","hentry"],"_links":{"self":[{"href":"https:\/\/marino-mar.com\/de\/wp-json\/wp\/v2\/pages\/3952","targetHints":{"allow":["GET"]}}],"collection":[{"href":"https:\/\/marino-mar.com\/de\/wp-json\/wp\/v2\/pages"}],"about":[{"href":"https:\/\/marino-mar.com\/de\/wp-json\/wp\/v2\/types\/page"}],"author":[{"embeddable":true,"href":"https:\/\/marino-mar.com\/de\/wp-json\/wp\/v2\/users\/1"}],"replies":[{"embeddable":true,"href":"https:\/\/marino-mar.com\/de\/wp-json\/wp\/v2\/comments?post=3952"}],"version-history":[{"count":24,"href":"https:\/\/marino-mar.com\/de\/wp-json\/wp\/v2\/pages\/3952\/revisions"}],"predecessor-version":[{"id":5487,"href":"https:\/\/marino-mar.com\/de\/wp-json\/wp\/v2\/pages\/3952\/revisions\/5487"}],"wp:attachment":[{"href":"https:\/\/marino-mar.com\/de\/wp-json\/wp\/v2\/media?parent=3952"}],"curies":[{"name":"wp","href":"https:\/\/api.w.org\/{rel}","templated":true}]}}