{"id":3893,"date":"2026-02-04T11:57:52","date_gmt":"2026-02-04T10:57:52","guid":{"rendered":"https:\/\/marino-mar.com\/?page_id=3893"},"modified":"2026-03-15T12:17:14","modified_gmt":"2026-03-15T11:17:14","slug":"jogi-nyilatkozat-impresszum","status":"publish","type":"page","link":"https:\/\/marino-mar.com\/hu\/legal-notice-impressum\/","title":{"rendered":"Jogi k\u00f6zlem\u00e9ny"},"content":{"rendered":"<div data-elementor-type=\"wp-page\" data-elementor-id=\"3893\" class=\"elementor elementor-3893\">\n\t\t\t\t<div class=\"elementor-element elementor-element-b4cf256 e-flex e-con-boxed e-con e-parent\" data-id=\"b4cf256\" data-element_type=\"container\" data-e-type=\"container\">\n\t\t\t\t\t<div class=\"e-con-inner\">\n\t\t\t\t<div class=\"elementor-element elementor-element-1c83870 elementor-widget elementor-widget-text-editor\" data-id=\"1c83870\" data-element_type=\"widget\" data-e-type=\"widget\" data-widget_type=\"text-editor.default\">\n\t\t\t\t\t\t\t\t\t<p data-path-to-node=\"10\" class=\"translation-block\"><b data-path-to-node=\"10\" data-index-in-node=\"0\">A DDG 5. \u00a7 szerinti szolg\u00e1ltat\u00f3:<\/b>&nbsp;Gaetano Marino<\/p><p data-path-to-node=\"11\">Trauben 12<\/p><p data-path-to-node=\"12\">88250 Weingarten, Germany<\/p><p data-path-to-node=\"13\"><b data-path-to-node=\"13\" data-index-in-node=\"0\">Contact:<\/b> Phone: +49 176 64667357<\/p><p data-path-to-node=\"14\">E-mail: info@marino-mar.com<\/p><p data-path-to-node=\"15\" class=\"translation-block\"><b data-path-to-node=\"15\" data-index-in-node=\"0\">\u00dczleti inform\u00e1ci\u00f3k:<\/b> Az \u00fcd\u00fcl\u0151apartman Nessebar telep\u00fcl\u00e9sen, Bulg\u00e1ri\u00e1ban van bejegyezve.<\/p><p data-path-to-node=\"16\"><b data-path-to-node=\"16\" data-index-in-node=\"0\">Bulstat ID:<\/b>\u00a0180901520<\/p><p data-path-to-node=\"17\" class=\"translation-block\"><b data-path-to-node=\"17\" data-index-in-node=\"0\">\u00c1FA megjegyz\u00e9s:<\/b> A b\u00e9rbead\u00e1s a bolg\u00e1r szabadalmi ad\u00f3rendszer szerint mag\u00e1ntev\u00e9kenys\u00e9gnek min\u0151s\u00fcl. \u00c1FA nem ker\u00fcl felsz\u00e1m\u00edt\u00e1sra \u00e9s felt\u00fcntet\u00e9sre (a bolg\u00e1r \u00c1FA-t\u00f6rv\u00e9ny 113. cikke).<\/p>\t\t\t\t\t\t\t\t<\/div>\n\t\t\t\t\t<\/div>\n\t\t\t\t<\/div>\n\t\t\t\t<\/div>","protected":false},"excerpt":{"rendered":"<p>Provider according to \u00a7 5 DDG:\u00a0Gaetano Marino Trauben 12 88250 Weingarten, Germany Contact: Phone: +49 176 64667357 Email: info@marino-mar.com Business Information: The holiday apartment is registered in the Municipality of Nessebar, Bulgaria. Bulstat ID:\u00a0180901520 VAT Note: The rental is a private activity under the Bulgarian patent tax system. No VAT is charged or displayed (Art. &#8230;<\/p>","protected":false},"author":1,"featured_media":0,"parent":0,"menu_order":0,"comment_status":"closed","ping_status":"closed","template":"","meta":{"cozystay_single_page_hide_site_header":"","cozystay_single_page_site_header_source":"","cozystay_single_page_custom_site_header":"0","cozystay_single_page_custom_sticky_site_header":"0","cozystay_single_page_hide_page_title":"","cozystay_single_page_header_section_size":"","cozystay_single_page_header_background_color":"","cozystay_single_page_header_background_position_x":"center","cozystay_single_page_header_background_position_y":"center","cozystay_single_page_header_background_size":"cover","cozystay_single_page_header_background_repeat":"off","cozystay_single_page_header_background_scroll":"on","cozystay_single_page_header_text_color":"","cozystay_single_page_header_show_breadcrumb":"","cozystay_single_page_site_footer_hide_main":"","cozystay_single_custom_site_footer_main_source":"","cozystay_single_custom_site_footer_main":"0","cozystay_single_page_site_footer_hide_above":"","cozystay_single_custom_site_footer_above_source":"","cozystay_single_custom_site_footer_above":"0","cozystay_single_page_site_footer_hide_instagram":"","cozystay_single_page_site_footer_hide_bottom":"","cozystay_single_custom_mobile_menu_source":"","cozystay_single_custom_mobile_menu":"0","cozystay_single_custom_mobile_menu_animation":"","cozystay_single_custom_mobile_menu_width":"","cozystay_single_custom_mobile_menu_custom_width":375,"footnotes":""},"class_list":["post-3893","page","type-page","status-publish","hentry"],"_links":{"self":[{"href":"https:\/\/marino-mar.com\/hu\/wp-json\/wp\/v2\/pages\/3893","targetHints":{"allow":["GET"]}}],"collection":[{"href":"https:\/\/marino-mar.com\/hu\/wp-json\/wp\/v2\/pages"}],"about":[{"href":"https:\/\/marino-mar.com\/hu\/wp-json\/wp\/v2\/types\/page"}],"author":[{"embeddable":true,"href":"https:\/\/marino-mar.com\/hu\/wp-json\/wp\/v2\/users\/1"}],"replies":[{"embeddable":true,"href":"https:\/\/marino-mar.com\/hu\/wp-json\/wp\/v2\/comments?post=3893"}],"version-history":[{"count":12,"href":"https:\/\/marino-mar.com\/hu\/wp-json\/wp\/v2\/pages\/3893\/revisions"}],"predecessor-version":[{"id":5471,"href":"https:\/\/marino-mar.com\/hu\/wp-json\/wp\/v2\/pages\/3893\/revisions\/5471"}],"wp:attachment":[{"href":"https:\/\/marino-mar.com\/hu\/wp-json\/wp\/v2\/media?parent=3893"}],"curies":[{"name":"wp","href":"https:\/\/api.w.org\/{rel}","templated":true}]}}