{"id":3903,"date":"2026-02-04T12:32:47","date_gmt":"2026-02-04T11:32:47","guid":{"rendered":"https:\/\/marino-mar.com\/?page_id=3903"},"modified":"2026-03-15T12:16:45","modified_gmt":"2026-03-15T11:16:45","slug":"felhasznalasi-feltetelek-lemondasi-szabalyzat","status":"publish","type":"page","link":"https:\/\/marino-mar.com\/hu\/terms-of-use-cancellation-policy\/","title":{"rendered":"Felhaszn\u00e1l\u00e1si felt\u00e9telek \u00e9s lemond\u00e1si szab\u00e1lyok"},"content":{"rendered":"<div data-elementor-type=\"wp-page\" data-elementor-id=\"3903\" class=\"elementor elementor-3903\">\n\t\t\t\t<div class=\"elementor-element elementor-element-d05ab54 e-flex e-con-boxed e-con e-parent\" data-id=\"d05ab54\" data-element_type=\"container\" data-e-type=\"container\">\n\t\t\t\t\t<div class=\"e-con-inner\">\n\t\t\t\t<div class=\"elementor-element elementor-element-33855b6 elementor-widget elementor-widget-cs_text-editor\" data-id=\"33855b6\" data-element_type=\"widget\" data-e-type=\"widget\" data-widget_type=\"cs_text-editor.default\">\n\t\t\t\t<div class=\"elementor-widget-container\">\n\t\t\t\t\t<h3 data-path-to-node=\"6\">1. Hat\u00e1ly \u00e9s szolg\u00e1ltat\u00f3<\/h3><p data-path-to-node=\"7\" class=\"translation-block\">Jelen \u00c1ltal\u00e1nos Szerz\u0151d\u00e9si Felt\u00e9telek a marino-mar.com weboldalon kereszt\u00fcl t\u00f6rt\u00e9n\u0151 \u00f6sszes foglal\u00e1sra vonatkoznak. A szerz\u0151d\u00e9ses partner: <b data-path-to-node=\"7\" data-index-in-node=\"118\">Gaetano Marino<\/b>, Trauben 12, 88250 Weingarten, N\u00e9metorsz\u00e1g.<\/p><h3 data-path-to-node=\"8\">1.1 A szerz\u0151d\u00e9s megk\u00f6t\u00e9se<\/h3><p data-path-to-node=\"9\">A foglal\u00e1si folyamat befejez\u00e9s\u00e9vel \u00e9s a Stripe-en kereszt\u00fcl t\u00f6rt\u00e9n\u0151 fizet\u00e9ssel k\u00f6telez\u0151 \u00e9rv\u00e9ny\u0171 b\u00e9rleti szerz\u0151d\u00e9s j\u00f6n l\u00e9tre a megadott id\u0151szakra.<\/p><h3 data-path-to-node=\"10\">1.2 \u00c1rak \u00e9s fizet\u00e9s<\/h3><ul data-path-to-node=\"11\"><li><p data-path-to-node=\"11,0,0\">Minden \u00e1r v\u00e9gleges \u00e1r.<\/p><\/li><li><p data-path-to-node=\"11,1,0\">Mivel a b\u00e9rbead\u00e1s a bolg\u00e1r szabadalmi ad\u00f3rendszer szerint mag\u00e1ntev\u00e9kenys\u00e9gnek min\u0151s\u00fcl (a bolg\u00e1r \u00e1fa t\u00f6rv\u00e9ny 113. cikke), \u00e1f\u00e1t nem sz\u00e1m\u00edtunk fel \u00e9s nem jelen\u00edthet\u00fcnk meg.<\/p><\/li><li><p data-path-to-node=\"11,2,0\">A foglal\u00e1s biztos\u00edt\u00e1s\u00e1hoz teljes \u00f6sszeg\u0171 fizet\u00e9s sz\u00fcks\u00e9ges a Stripe-en kereszt\u00fcl.<\/p><\/li><\/ul><h3 data-path-to-node=\"12\">1.3 Lemond\u00e1si felt\u00e9telek<\/h3><p data-path-to-node=\"13\" class=\"translation-block\">Az uni\u00f3s jogszab\u00e1lyok \u00e9rtelm\u00e9ben a meghat\u00e1rozott id\u0151pontban ny\u00fajtott sz\u00e1ll\u00e1shoz kapcsol\u00f3d\u00f3 szolg\u00e1ltat\u00e1sokra <b data-path-to-node=\"13\" data-index-in-node=\"36\">nem vonatkozik a 14 napos el\u00e1ll\u00e1si jog<\/b> (\u00a7 312g \u00a7 2. bekezd\u00e9s 9. pontja BGB).<\/p><p data-path-to-node=\"13\" class=\"translation-block\"><b data-path-to-node=\"5\" data-index-in-node=\"0\">A lemond\u00e1sokat \u00edr\u00e1sban kell beny\u00fajtani. A legegyszer\u0171bb m\u00f3dja, ha egyszer\u0171en v\u00e1laszol a foglal\u00e1si visszaigazol\u00f3 e-mailre.<\/b> A lemond\u00e1si hat\u00e1rid\u0151 kisz\u00e1m\u00edt\u00e1s\u00e1hoz a be\u00e9rkez\u00e9s d\u00e1tuma a m\u00e9rvad\u00f3:<\/p><ul data-path-to-node=\"14\"><li><p data-path-to-node=\"14,0,0\" class=\"translation-block\"><b data-path-to-node=\"14,0,0\" data-index-in-node=\"0\">Lemond\u00e1s legk\u00e9s\u0151bb 30 nappal az \u00e9rkez\u00e9s el\u0151tt:<\/b> A foglal\u00e1s teljes \u00f6sszeg\u00e9nek visszat\u00e9r\u00edt\u00e9se.<\/p><\/li><li><p data-path-to-node=\"14,1,0\" class=\"translation-block\"><b data-path-to-node=\"14,1,0\" data-index-in-node=\"0\">29 \u00e9s 14 nappal az \u00e9rkez\u00e9s el\u0151tt t\u00f6rt\u00e9n\u0151 lemond\u00e1s:<\/b> a teljes foglal\u00e1si \u00f6sszeg 50%-\u00e1nak visszat\u00e9r\u00edt\u00e9se.<\/p><\/li><li><p data-path-to-node=\"14,2,0\" class=\"translation-block\"><b data-path-to-node=\"14,2,0\" data-index-in-node=\"0\">14 napn\u00e1l r\u00f6videbb id\u0151vel az \u00e9rkez\u00e9s el\u0151tt t\u00f6rt\u00e9n\u0151 lemond\u00e1s vagy meg nem jelen\u00e9s:<\/b> Visszat\u00e9r\u00edt\u00e9s nem j\u00e1r.<\/p><\/li><li><p data-path-to-node=\"14,3,0\" class=\"translation-block\"><b data-path-to-node=\"14,3,0\" data-index-in-node=\"0\">Megjegyz\u00e9s:<\/b> Javasoljuk, hogy k\u00f6ss\u00f6n utaz\u00e1si lemond\u00e1si biztos\u00edt\u00e1st a v\u00e1ratlan esem\u00e9nyek fedez\u00e9s\u00e9re.<\/p><\/li><\/ul><h3 data-path-to-node=\"15\">1.4 K\u00f6telez\u0151 regisztr\u00e1ci\u00f3 (ESTI)<\/h3><p data-path-to-node=\"16\">A vend\u00e9gnek t\u00f6rv\u00e9nyi k\u00f6telezetts\u00e9ge, hogy szem\u00e9lyes adatait (\u00fatlev\u00e9l\/szem\u00e9lyi igazolv\u00e1ny) megadja a bolg\u00e1r turisztikai nyilv\u00e1ntart\u00e1s (ESTI) sz\u00e1m\u00e1ra. Ez a foglal\u00e1s ut\u00e1n megadott biztons\u00e1gos JotForm link\u00fcnk\u00f6n kereszt\u00fcl t\u00f6rt\u00e9nik.<\/p>\t\t\t\t<\/div>\n\t\t\t\t<\/div>\n\t\t\t\t\t<\/div>\n\t\t\t\t<\/div>\n\t\t\t\t<\/div>","protected":false},"excerpt":{"rendered":"<p>1. Scope and Provider These terms and conditions apply to all bookings made through the website marino-mar.com. The contractual partner is: Gaetano Marino, Trauben 12, 88250 Weingarten, Germany. 1.1 Conclusion of Contract By completing the booking process and making a payment via Stripe, a binding rental agreement is concluded for the specified period. 1.2 Prices &#8230;<\/p>","protected":false},"author":1,"featured_media":0,"parent":0,"menu_order":0,"comment_status":"closed","ping_status":"closed","template":"","meta":{"cozystay_single_page_hide_site_header":"","cozystay_single_page_site_header_source":"","cozystay_single_page_custom_site_header":"0","cozystay_single_page_custom_sticky_site_header":"0","cozystay_single_page_hide_page_title":"","cozystay_single_page_header_section_size":"","cozystay_single_page_header_background_color":"","cozystay_single_page_header_background_position_x":"center","cozystay_single_page_header_background_position_y":"center","cozystay_single_page_header_background_size":"cover","cozystay_single_page_header_background_repeat":"off","cozystay_single_page_header_background_scroll":"on","cozystay_single_page_header_text_color":"","cozystay_single_page_header_show_breadcrumb":"","cozystay_single_page_site_footer_hide_main":"","cozystay_single_custom_site_footer_main_source":"","cozystay_single_custom_site_footer_main":"0","cozystay_single_page_site_footer_hide_above":"","cozystay_single_custom_site_footer_above_source":"","cozystay_single_custom_site_footer_above":"0","cozystay_single_page_site_footer_hide_instagram":"","cozystay_single_page_site_footer_hide_bottom":"","cozystay_single_custom_mobile_menu_source":"","cozystay_single_custom_mobile_menu":"0","cozystay_single_custom_mobile_menu_animation":"","cozystay_single_custom_mobile_menu_width":"","cozystay_single_custom_mobile_menu_custom_width":375,"footnotes":""},"class_list":["post-3903","page","type-page","status-publish","hentry"],"_links":{"self":[{"href":"https:\/\/marino-mar.com\/hu\/wp-json\/wp\/v2\/pages\/3903","targetHints":{"allow":["GET"]}}],"collection":[{"href":"https:\/\/marino-mar.com\/hu\/wp-json\/wp\/v2\/pages"}],"about":[{"href":"https:\/\/marino-mar.com\/hu\/wp-json\/wp\/v2\/types\/page"}],"author":[{"embeddable":true,"href":"https:\/\/marino-mar.com\/hu\/wp-json\/wp\/v2\/users\/1"}],"replies":[{"embeddable":true,"href":"https:\/\/marino-mar.com\/hu\/wp-json\/wp\/v2\/comments?post=3903"}],"version-history":[{"count":10,"href":"https:\/\/marino-mar.com\/hu\/wp-json\/wp\/v2\/pages\/3903\/revisions"}],"predecessor-version":[{"id":5649,"href":"https:\/\/marino-mar.com\/hu\/wp-json\/wp\/v2\/pages\/3903\/revisions\/5649"}],"wp:attachment":[{"href":"https:\/\/marino-mar.com\/hu\/wp-json\/wp\/v2\/media?parent=3903"}],"curies":[{"name":"wp","href":"https:\/\/api.w.org\/{rel}","templated":true}]}}