{"id":3952,"date":"2026-02-05T12:02:04","date_gmt":"2026-02-05T11:02:04","guid":{"rendered":"https:\/\/marino-mar.com\/?page_id=3952"},"modified":"2026-03-15T12:15:37","modified_gmt":"2026-03-15T11:15:37","slug":"house-rules-liability-agreement","status":"publish","type":"page","link":"https:\/\/marino-mar.com\/hu\/house-rules-liability-agreement\/","title":{"rendered":"H\u00e1zirend"},"content":{"rendered":"<div data-elementor-type=\"wp-page\" data-elementor-id=\"3952\" class=\"elementor elementor-3952\">\n\t\t\t\t<div class=\"elementor-element elementor-element-3e40451 e-flex e-con-boxed e-con e-parent\" data-id=\"3e40451\" data-element_type=\"container\" data-e-type=\"container\">\n\t\t\t\t\t<div class=\"e-con-inner\">\n\t\t\t\t<div class=\"elementor-element elementor-element-2a1f788 elementor-widget elementor-widget-cs_text-editor\" data-id=\"2a1f788\" data-element_type=\"widget\" data-e-type=\"widget\" data-widget_type=\"cs_text-editor.default\">\n\t\t\t\t<div class=\"elementor-widget-container\">\n\t\t\t\t\t<h3 data-path-to-node=\"3\"><b data-path-to-node=\"3\" data-index-in-node=\"0\">H\u00e1zirend \u00e9s felel\u0151ss\u00e9gv\u00e1llal\u00e1si meg\u00e1llapod\u00e1s<\/b><\/h3><p data-path-to-node=\"4\"><b data-path-to-node=\"4\" data-index-in-node=\"0\">1. Apartmanjaink (mag\u00e1ntulajdon)<\/b><\/p><ul data-path-to-node=\"5\"><li><p data-path-to-node=\"5,0,0\" class=\"translation-block\"><b data-path-to-node=\"5,0,0\" data-index-in-node=\"0\">A tulajdon gondoz\u00e1sa:<\/b> Butik st\u00fadi\u00f3ink mag\u00e1ntulajdonban vannak. K\u00e9rj\u00fck, hogy a bels\u0151 teret \u00e9s a berendez\u00e9seket \u00f3vatosan kezelj\u00e9k.<\/p><\/li><li><p data-path-to-node=\"5,1,0\" class=\"translation-block\"><b data-path-to-node=\"5,1,0\" data-index-in-node=\"0\">K\u00f6telez\u0151 bejelent\u00e9s:<\/b> A tart\u00f3zkod\u00e1s sor\u00e1n okozott b\u00e1rmilyen k\u00e1rt, ak\u00e1r v\u00e9letlen, ak\u00e1r egy\u00e9b okb\u00f3l keletkezett, <b data-path-to-node=\"5,1,0\" data-index-in-node=\"90\">halad\u00e9ktalanul be kell jelenteni a vezet\u0151s\u00e9gnek<\/b>. Ez lehet\u0151v\u00e9 teszi sz\u00e1munkra, hogy a st\u00fadi\u00f3 k\u00e9szen \u00e1lljon a k\u00f6vetkez\u0151 vend\u00e9g fogad\u00e1s\u00e1ra.<\/p><\/li><li><p data-path-to-node=\"5,2,0\" class=\"translation-block\"><b data-path-to-node=\"5,2,0\" data-index-in-node=\"0\">Doh\u00e1nyz\u00e1s tilos:<\/b> A st\u00fadi\u00f3kban szigor\u00faan tilos a doh\u00e1nyz\u00e1s.<\/p><\/li><\/ul><p data-path-to-node=\"6\"><b data-path-to-node=\"6\" data-index-in-node=\"0\">2. Medence \u00e9s wellnessr\u00e9szleg (felel\u0151ss\u00e9g kiz\u00e1r\u00e1sa)<\/b><\/p><ul data-path-to-node=\"7\"><li><p data-path-to-node=\"7,0,0\" class=\"translation-block\"><b data-path-to-node=\"7,0,0\" data-index-in-node=\"0\">Saj\u00e1t felel\u0151ss\u00e9gre t\u00f6rt\u00e9n\u0151 haszn\u00e1lat:<\/b> Az \u00fasz\u00f3medenc\u00e9k, a finn szauna \u00e9s a g\u0151zf\u00fcrd\u0151 haszn\u00e1lata teljes m\u00e9rt\u00e9kben a vend\u00e9g saj\u00e1t felel\u0151ss\u00e9g\u00e9re t\u00f6rt\u00e9nik. A vezet\u0151s\u00e9g nem v\u00e1llal felel\u0151ss\u00e9get az ezen l\u00e9tes\u00edtm\u00e9nyek haszn\u00e1lat\u00e1b\u00f3l ered\u0151 s\u00e9r\u00fcl\u00e9sek\u00e9rt vagy eg\u00e9szs\u00e9g\u00fcgyi probl\u00e9m\u00e1k\u00e9rt.<\/p><\/li><li><p data-path-to-node=\"7,1,0\" class=\"translation-block\"><b data-path-to-node=\"7,1,0\" data-index-in-node=\"0\">Fel\u00fcgyelet:<\/b> A gyermekeket a medence \u00e9s a wellnessr\u00e9szleg ter\u00fclet\u00e9n feln\u0151tt fel\u00fcgyelete alatt kell tartani.<\/p><\/li><li><p data-path-to-node=\"7,2,0\" class=\"translation-block\"><b data-path-to-node=\"7,2,0\" data-index-in-node=\"0\">Berendez\u00e9sek\u00e9rt val\u00f3 felel\u0151ss\u00e9g:<\/b> A medence vagy a wellnessr\u00e9szleg m\u0171szaki berendez\u00e9seinek (pl. szauna f\u0171t\u0151berendez\u00e9sek, sz\u0171r\u0151rendszerek) nem megfelel\u0151 haszn\u00e1latb\u00f3l ered\u0151 b\u00e1rmilyen k\u00e1rosod\u00e1s\u00e9rt a vend\u00e9g viseli a p\u00e9nz\u00fcgyi felel\u0151ss\u00e9get.<\/p><\/li><\/ul><p data-path-to-node=\"8\"><b data-path-to-node=\"8\" data-index-in-node=\"0\">3. Biztons\u00e1gi let\u00e9t apartmanokhoz (lak\u00f3ter\u00fclet \u00e9s berendez\u00e9si t\u00e1rgyak)<\/b><\/p><ul><li><p data-path-to-node=\"7,1,0,0\" class=\"translation-block\"><b data-path-to-node=\"7,1,0,0\" data-index-in-node=\"0\">\u00d6sszeg:<\/b> Minden foglal\u00e1shoz 100 eur\u00f3 biztons\u00e1gi let\u00e9t sz\u00fcks\u00e9ges, amely fedezi az esetleges k\u00e1rokat vagy a h\u00e1zirend megs\u00e9rt\u00e9s\u00e9t (pl. doh\u00e1nyz\u00e1s, k\u00e1rokoz\u00e1s, h\u00e1zi\u00e1llatok vagy egy\u00e9b).<\/p><\/li><li><p data-path-to-node=\"7,1,1,0\" class=\"translation-block\"><b data-path-to-node=\"7,1,1,0\" data-index-in-node=\"0\">Elj\u00e1r\u00e1s:<\/b> A let\u00e9tet a foglal\u00e1skor szedj\u00fck be.<\/p><\/li><li><p data-path-to-node=\"7,1,2,0\" class=\"translation-block\"><b data-path-to-node=\"7,1,2,0\" data-index-in-node=\"0\">Visszat\u00e9r\u00edt\u00e9s:<\/b> A kijelentkez\u00e9s ut\u00e1n helyi csapatunk ellen\u0151rzi a st\u00fadi\u00f3t. Ha nem tal\u00e1lnak k\u00e1rokat \u00e9s minden h\u00e1zirendet betartottak, a teljes \u00f6sszeget 3 munkanapon bel\u00fcl visszat\u00e9r\u00edtj\u00fck az eredeti fizet\u00e9si m\u00f3dra.<\/p><\/li><li><p data-path-to-node=\"7,1,3,0\" class=\"translation-block\"><b data-path-to-node=\"7,1,3,0\" data-index-in-node=\"0\">Levon\u00e1sok:<\/b> Amennyiben a k\u00e1r meghaladja a kauci\u00f3 \u00f6sszeg\u00e9t, a vend\u00e9g k\u00f6teles a teljes jav\u00edt\u00e1si k\u00f6lts\u00e9get megt\u00e9r\u00edteni.<\/p><\/li><\/ul>\t\t\t\t<\/div>\n\t\t\t\t<\/div>\n\t\t\t\t\t<\/div>\n\t\t\t\t<\/div>\n\t\t\t\t<\/div>","protected":false},"excerpt":{"rendered":"<p>House Rules &amp; Liability Agreement 1. Our Apartments (Private Property) Care of Property: Our boutique studios are privately owned. We ask you to treat the interior and equipment with care. Mandatory Reporting: Any damage caused during your stay, whether accidental or otherwise, must be reported to the management immediately. This allows us to ensure the &#8230;<\/p>","protected":false},"author":1,"featured_media":0,"parent":0,"menu_order":0,"comment_status":"closed","ping_status":"closed","template":"","meta":{"cozystay_single_page_hide_site_header":"","cozystay_single_page_site_header_source":"","cozystay_single_page_custom_site_header":"0","cozystay_single_page_custom_sticky_site_header":"0","cozystay_single_page_hide_page_title":"","cozystay_single_page_header_section_size":"","cozystay_single_page_header_background_color":"","cozystay_single_page_header_background_position_x":"center","cozystay_single_page_header_background_position_y":"center","cozystay_single_page_header_background_size":"cover","cozystay_single_page_header_background_repeat":"off","cozystay_single_page_header_background_scroll":"on","cozystay_single_page_header_text_color":"","cozystay_single_page_header_show_breadcrumb":"","cozystay_single_page_site_footer_hide_main":"","cozystay_single_custom_site_footer_main_source":"","cozystay_single_custom_site_footer_main":"0","cozystay_single_page_site_footer_hide_above":"","cozystay_single_custom_site_footer_above_source":"","cozystay_single_custom_site_footer_above":"0","cozystay_single_page_site_footer_hide_instagram":"","cozystay_single_page_site_footer_hide_bottom":"","cozystay_single_custom_mobile_menu_source":"","cozystay_single_custom_mobile_menu":"0","cozystay_single_custom_mobile_menu_animation":"","cozystay_single_custom_mobile_menu_width":"","cozystay_single_custom_mobile_menu_custom_width":375,"footnotes":""},"class_list":["post-3952","page","type-page","status-publish","hentry"],"_links":{"self":[{"href":"https:\/\/marino-mar.com\/hu\/wp-json\/wp\/v2\/pages\/3952","targetHints":{"allow":["GET"]}}],"collection":[{"href":"https:\/\/marino-mar.com\/hu\/wp-json\/wp\/v2\/pages"}],"about":[{"href":"https:\/\/marino-mar.com\/hu\/wp-json\/wp\/v2\/types\/page"}],"author":[{"embeddable":true,"href":"https:\/\/marino-mar.com\/hu\/wp-json\/wp\/v2\/users\/1"}],"replies":[{"embeddable":true,"href":"https:\/\/marino-mar.com\/hu\/wp-json\/wp\/v2\/comments?post=3952"}],"version-history":[{"count":24,"href":"https:\/\/marino-mar.com\/hu\/wp-json\/wp\/v2\/pages\/3952\/revisions"}],"predecessor-version":[{"id":5487,"href":"https:\/\/marino-mar.com\/hu\/wp-json\/wp\/v2\/pages\/3952\/revisions\/5487"}],"wp:attachment":[{"href":"https:\/\/marino-mar.com\/hu\/wp-json\/wp\/v2\/media?parent=3952"}],"curies":[{"name":"wp","href":"https:\/\/api.w.org\/{rel}","templated":true}]}}