{"id":783,"date":"2023-03-19T02:55:37","date_gmt":"2023-03-19T02:55:37","guid":{"rendered":"https:\/\/cozystay.loftocean.com\/island-resort\/?page_id=783"},"modified":"2026-03-15T23:20:38","modified_gmt":"2026-03-15T22:20:38","slug":"faq","status":"publish","type":"page","link":"https:\/\/marino-mar.com\/hu\/faq\/","title":{"rendered":"GYIK"},"content":{"rendered":"<div data-elementor-type=\"wp-page\" data-elementor-id=\"783\" class=\"elementor elementor-783\">\n\t\t\t\t\t\t<section class=\"elementor-section elementor-top-section elementor-element elementor-element-51b883a elementor-section-height-min-height cs-section-content-fullwidth cs-parallax-on-scroll cs_scroll_y_100 elementor-section-boxed elementor-section-height-default elementor-section-items-middle\" data-id=\"51b883a\" data-element_type=\"section\" data-e-type=\"section\" data-settings=\"{&quot;background_background&quot;:&quot;classic&quot;}\" data-cs-parallax-y=\"100\" style=\"background-image: none;\" data-cs-background-image=\"https:\/\/marino-mar.com\/wp-content\/uploads\/2023\/04\/laura-adai-WSkEEClb5Xc-unsplash-2.jpg\" data-cs-background-image-alt-text=\"\">\n\t\t\t\t\t\t<div class=\"elementor-container elementor-column-gap-default\">\n\t\t\t\t\t<div class=\"elementor-column elementor-col-100 elementor-top-column elementor-element elementor-element-f8603f5 dark-color\" data-id=\"f8603f5\" data-element_type=\"column\" data-e-type=\"column\">\n\t\t\t<div class=\"elementor-widget-wrap elementor-element-populated\">\n\t\t\t\t\t\t<div class=\"elementor-element elementor-element-5638ee6 elementor-widget elementor-widget-cs_title\" data-id=\"5638ee6\" data-element_type=\"widget\" data-e-type=\"widget\" data-widget_type=\"cs_title.default\">\n\t\t\t\t<div class=\"elementor-widget-container\">\n\t\t\t\t\t\n        <div class=\"cs-title-wrap text-center\">\t            <div class=\"cs-subtitle-wrap\"><span class=\"cs-subtitle color-white\">gyakran ism\u00e9telt k\u00e9rd\u00e9sek<\/span><\/div>\t            <h1 class=\"cs-title\">\n\t                GYIK\t            <\/h1>        <\/div>\t\t\t\t<\/div>\n\t\t\t\t<\/div>\n\t\t\t\t\t<\/div>\n\t\t<\/div>\n\t\t\t\t\t<\/div>\n\t\t<\/section>\n\t\t<div class=\"elementor-element elementor-element-2b6e44c cs_scroll_y_80 cs-parallax-on-scroll elementor-mobile-align-center e-flex e-con-boxed e-con e-parent\" data-id=\"2b6e44c\" data-element_type=\"container\" data-e-type=\"container\" data-settings=\"{&quot;background_background&quot;:&quot;classic&quot;}\" data-cs-parallax-y=\"80\">\n\t\t\t\t\t<div class=\"e-con-inner\">\n\t\t\t\t<div class=\"elementor-element elementor-element-e9c328e elementor-widget elementor-widget-cs_info_box\" data-id=\"e9c328e\" data-element_type=\"widget\" data-e-type=\"widget\" data-widget_type=\"cs_info_box.default\">\n\t\t\t\t<div class=\"elementor-widget-container\">\n\t\t\t\t\t\n\t\t\t<div class=\"cs-info-box column-3 valign-top img-left\">\n                <div class=\"cs-info-box-wrap\">                    <div class=\"cs-info-box-item elementor-repeater-item-d9b7263\">\n                    \t<div class=\"cs-item-container\">\t                        <div class=\"cs-info-box-content\">\n\t                            <h5 class=\"cs-title cs-info-box-title\">Hol parkolhatok?\t\t\t\t\t\t\t\t<\/h5>\t                            \t<div class=\"cs-info-box-text\"><p>Ingyenes nyilv\u00e1nos parkol\u00f3 \u00e1ll rendelkez\u00e9sre a helysz\u00ednen \u00e9s az \u00e9p\u00fclet m\u00f6g\u00f6tt (foglal\u00e1s nem sz\u00fcks\u00e9ges).<\/p><\/div>\t                        <\/div>\t                    <\/div>\n                    <\/div>                    <div class=\"cs-info-box-item elementor-repeater-item-5fe852d\">\n                    \t<div class=\"cs-item-container\">\t                        <div class=\"cs-info-box-content\">\n\t                            <h5 class=\"cs-title cs-info-box-title\">Mikor lehet be- \u00e9s kijelentkezni?\t\t\t\t\t\t\t\t<\/h5>\t                            \t<div class=\"cs-info-box-text\"><p> Bejelentkez\u00e9s 14:00 \u00e9s 23:30 k\u00f6z\u00f6tt.\n Kijelentkez\u00e9s 11:00-ig.\n<\/p><\/div>\t                        <\/div>\t                    <\/div>\n                    <\/div>                    <div class=\"cs-info-box-item elementor-repeater-item-d5e6a6a\">\n                    \t<div class=\"cs-item-container\">\t                        <div class=\"cs-info-box-content\">\n\t                            <h5 class=\"cs-title cs-info-box-title\">Hozhatom a h\u00e1zi\u00e1llatomat?\t\t\t\t\t\t\t\t<\/h5>\t                            \t<div class=\"cs-info-box-text\"><p>A szoba m\u00e9rete miatt h\u00e1zi\u00e1llatok csak a Prime Studio szob\u00e1ban enged\u00e9lyezettek.<\/p><\/div>\t                        <\/div>\t                    <\/div>\n                    <\/div>                    <div class=\"cs-info-box-item elementor-repeater-item-b7e6e27\">\n                    \t<div class=\"cs-item-container\">\t                        <div class=\"cs-info-box-content\">\n\t                            <h5 class=\"cs-title cs-info-box-title\">Reggelit is szolg\u00e1lnak fel ott?\t\t\t\t\t\t\t\t<\/h5>\t                            \t<div class=\"cs-info-box-text\"><p>Igen, a Chayka \u00e9tteremben, amely a Dawn Park \u00e9p\u00fclet\u00e9ben tal\u00e1lhat\u00f3.<\/p><\/div>\t                        <\/div>\t                    <\/div>\n                    <\/div>                    <div class=\"cs-info-box-item elementor-repeater-item-f40104f\">\n                    \t<div class=\"cs-item-container\">\t                        <div class=\"cs-info-box-content\">\n\t                            <h5 class=\"cs-title cs-info-box-title\">Van olyan szoba, amelyhez erk\u00e9ly tartozik?\t\t\t\t\t\t\t\t<\/h5>\t                            \t<div class=\"cs-info-box-text\"><p>igen, minden szob\u00e1hoz erk\u00e9ly tartozik<\/p><\/div>\t                        <\/div>\t                    <\/div>\n                    <\/div>                    <div class=\"cs-info-box-item elementor-repeater-item-44700a8\">\n                    \t<div class=\"cs-item-container\">\t                        <div class=\"cs-info-box-content\">\n\t                            <h5 class=\"cs-title cs-info-box-title\">K\u00e9szp\u00e9nzzel is fizethetek a helysz\u00ednen?\t\t\t\t\t\t\t\t<\/h5>\t                            \t<div class=\"cs-info-box-text\"><p>A fizet\u00e9s csak el\u0151zetes foglal\u00e1s eset\u00e9n lehets\u00e9ges online.<\/p><\/div>\t                        <\/div>\t                    <\/div>\n                    <\/div>\t\t\t\t<\/div>\n\t\t\t<\/div>\t\t\t\t<\/div>\n\t\t\t\t<\/div>\n\t\t\t\t<div class=\"elementor-element elementor-element-89a665d elementor-widget elementor-widget-cs_info_box\" data-id=\"89a665d\" data-element_type=\"widget\" data-e-type=\"widget\" data-widget_type=\"cs_info_box.default\">\n\t\t\t\t<div class=\"elementor-widget-container\">\n\t\t\t\t\t\n\t\t\t<div class=\"cs-info-box column-3 valign-top img-left\">\n                <div class=\"cs-info-box-wrap\">                    <div class=\"cs-info-box-item elementor-repeater-item-d9b7263\">\n                    \t<div class=\"cs-item-container\">\t                        <div class=\"cs-info-box-content\">\n\t                            <h5 class=\"cs-title cs-info-box-title\">A t\u00f6r\u00f6lk\u00f6z\u0151k \u00e9s az \u00e1gynem\u0171 is benne van az \u00e1rban?\t\t\t\t\t\t\t\t<\/h5>\t                            \t<div class=\"cs-info-box-text\"><p>Az \u00e1gyak frissen vetettek, \u00e9s t\u00f6r\u00f6lk\u00f6z\u0151ket is biztos\u00edtunk.<\/p><\/div>\t                        <\/div>\t                    <\/div>\n                    <\/div>                    <div class=\"cs-info-box-item elementor-repeater-item-5fe852d\">\n                    \t<div class=\"cs-item-container\">\t                        <div class=\"cs-info-box-content\">\n\t                            <h5 class=\"cs-title cs-info-box-title\">Kell fizetni a naperny\u0151k\u00e9rt \u00e9s a napoz\u00f3\u00e1gyak\u00e9rt?\t\t\t\t\t\t\t\t<\/h5>\t                            \t<div class=\"cs-info-box-text\"><p>Nem, ezek benne vannak az \u00e1rban, \u00e9s a rendelkez\u00e9sre \u00e1ll\u00e1s f\u00fcggv\u00e9ny\u00e9ben vehet\u0151k ig\u00e9nybe.<\/p><\/div>\t                        <\/div>\t                    <\/div>\n                    <\/div>                    <div class=\"cs-info-box-item elementor-repeater-item-d5e6a6a\">\n                    \t<div class=\"cs-item-container\">\t                        <div class=\"cs-info-box-content\">\n\t                            <h5 class=\"cs-title cs-info-box-title\">Van szobaszerviz?\t\t\t\t\t\t\t\t<\/h5>\t                            \t<div class=\"cs-info-box-text\"><p>Nem, az apartmanok \u00f6nell\u00e1t\u00f3ak.<\/p><\/div>\t                        <\/div>\t                    <\/div>\n                    <\/div>                    <div class=\"cs-info-box-item elementor-repeater-item-b7e6e27\">\n                    \t<div class=\"cs-item-container\">\t                        <div class=\"cs-info-box-content\">\n\t                            <h5 class=\"cs-title cs-info-box-title\">Kiad\u00e1skor magamnak kell takar\u00edtanom a szob\u00e1t?\t\t\t\t\t\t\t\t<\/h5>\t                            \t<div class=\"cs-info-box-text\"><p>Nem, minden kijelentkez\u00e9s ut\u00e1n takar\u00edtj\u00e1k. Csak a h\u0171t\u0151szekr\u00e9nyt \u00e9s a szemetet kell ki\u00fcr\u00edteni.<\/p><\/div>\t                        <\/div>\t                    <\/div>\n                    <\/div>                    <div class=\"cs-info-box-item elementor-repeater-item-f40104f\">\n                    \t<div class=\"cs-item-container\">\t                        <div class=\"cs-info-box-content\">\n\t                            <h5 class=\"cs-title cs-info-box-title\">Kivel vehetem fel a kapcsolatot, ha k\u00e9rd\u00e9sem van?\t\t\t\t\t\t\t\t<\/h5>\t                            \t<div class=\"cs-info-box-text\"><p>A kapcsolat oldalon t\u00f6bbf\u00e9le m\u00f3don is felveheti vel\u00fcnk a kapcsolatot. Nagyon gyorsan v\u00e1laszolunk.<\/p><\/div>\t                        <\/div>\t                    <\/div>\n                    <\/div>                    <div class=\"cs-info-box-item elementor-repeater-item-44700a8\">\n                    \t<div class=\"cs-item-container\">\t                        <div class=\"cs-info-box-content\">\n\t                            <h5 class=\"cs-title cs-info-box-title\">Van konyha? Ott f\u0151zhetek?\t\t\t\t\t\t\t\t<\/h5>\t                            \t<div class=\"cs-info-box-text\"><p>Nincs konyha, de \u0151szint\u00e9n sz\u00f3lva olcs\u00f3bb kint enni, mint a szupermarketben \u00e9lelmiszert v\u00e1s\u00e1rolni.<\/p><\/div>\t                        <\/div>\t                    <\/div>\n                    <\/div>                    <div class=\"cs-info-box-item elementor-repeater-item-e90e5cf\">\n                    \t<div class=\"cs-item-container\">\t                        <div class=\"cs-info-box-content\">\n\t                            <h5 class=\"cs-title cs-info-box-title\">Milyen messze van a legk\u00f6zelebbi strand?\t\t\t\t\t\t\t\t<\/h5>\t                            \t<div class=\"cs-info-box-text\"><p>A k\u00f6vetkez\u0151 strand a Chayka Beach, amely 700 m\u00e9terre, vagy 10 perc s\u00e9t\u00e1ra tal\u00e1lhat\u00f3.<\/p><\/div>\t                        <\/div>\t                    <\/div>\n                    <\/div>                    <div class=\"cs-info-box-item elementor-repeater-item-d09aa3c\">\n                    \t<div class=\"cs-item-container\">\t                        <div class=\"cs-info-box-content\">\n\t                            <h5 class=\"cs-title cs-info-box-title\">Milyen messze van a k\u00f6zpont?\t\t\t\t\t\t\t\t<\/h5>\t                            \t<div class=\"cs-info-box-text\"><p>A Napospart k\u00f6zpontja k\u00f6r\u00fclbel\u00fcl 900 m\u00e9terre tal\u00e1lhat\u00f3, gyalogosan 15 perc alatt el\u00e9rhet\u0151.<\/p><\/div>\t                        <\/div>\t                    <\/div>\n                    <\/div>                    <div class=\"cs-info-box-item elementor-repeater-item-06e7a30\">\n                    \t<div class=\"cs-item-container\">\t                        <div class=\"cs-info-box-content\">\n\t                            <h5 class=\"cs-title cs-info-box-title\">Milyen messze van a k\u00f6vetkez\u0151 buszmeg\u00e1ll\u00f3?\t\t\t\t\t\t\t\t<\/h5>\t                            \t<div class=\"cs-info-box-text\"><p>A k\u00f6vetkez\u0151 \u00e1llom\u00e1s nagyon k\u00f6zel van a Main Streeten, 5 perc s\u00e9t\u00e1ra.<\/p><\/div>\t                        <\/div>\t                    <\/div>\n                    <\/div>\t\t\t\t<\/div>\n\t\t\t<\/div>\t\t\t\t<\/div>\n\t\t\t\t<\/div>\n\t\t\t\t\t<\/div>\n\t\t\t\t<\/div>\n\t\t<div class=\"elementor-element elementor-element-2d638af e-flex e-con-boxed e-con e-parent\" data-id=\"2d638af\" data-element_type=\"container\" data-e-type=\"container\">\n\t\t\t\t\t<div class=\"e-con-inner\">\n\t\t\t\t<div class=\"elementor-element elementor-element-33e037f elementor-invisible elementor-widget elementor-widget-cs_team\" data-id=\"33e037f\" data-element_type=\"widget\" data-e-type=\"widget\" data-settings=\"{&quot;_animation&quot;:&quot;fadeInDown&quot;}\" data-widget_type=\"cs_team.default\">\n\t\t\t\t<div class=\"elementor-widget-container\">\n\t\t\t\t\t\n        <div class=\"cs-team text-center\">                <div class=\"cs-team-photo\">\n                    <img fetchpriority=\"high\" decoding=\"async\" width=\"562\" height=\"597\" src=\"https:\/\/marino-mar.com\/wp-content\/uploads\/2026\/02\/faq-host-questions-1.webp\" class=\"attachment-full size-full wp-image-5271\" alt=\"A man with dark hair and a beard, wearing a blue shirt, sits at a caf\u00e9 table with a tablet, coffee cup, and glass of water. The caf\u00e9 interior is cozy, with people and shelves in the background.\" srcset=\"https:\/\/marino-mar.com\/wp-content\/uploads\/2026\/02\/faq-host-questions-1.webp 562w, https:\/\/marino-mar.com\/wp-content\/uploads\/2026\/02\/faq-host-questions-1-282x300.webp 282w, https:\/\/marino-mar.com\/wp-content\/uploads\/2026\/02\/faq-host-questions-1-550x584.webp 550w, https:\/\/marino-mar.com\/wp-content\/uploads\/2026\/02\/faq-host-questions-1-370x393.webp 370w, https:\/\/marino-mar.com\/wp-content\/uploads\/2026\/02\/faq-host-questions-1-255x271.webp 255w, https:\/\/marino-mar.com\/wp-content\/uploads\/2026\/02\/faq-host-questions-1-141x150.webp 141w\" sizes=\"(max-width: 562px) 100vw, 562px\" \/>                <\/div>            <div class=\"cs-team-info\">                <span class=\"cs-subtitle cs-team-position\">szuper h\u00e1zigazda<\/span>                <h2 class=\"cs-title cs-team-name color-primary\">\n                    Gaetano Marino                <\/h2>                <div class=\"cs-team-text\">\n                    Tov\u00e1bbi k\u00e9rd\u00e9sek eset\u00e9n vegye fel velem a kapcsolatot!                <\/div>            <\/div>\n        <\/div>\t\t\t\t<\/div>\n\t\t\t\t<\/div>\n\t\t\t\t\t<\/div>\n\t\t\t\t<\/div>\n\t\t<div class=\"elementor-element elementor-element-b73d029 e-flex e-con-boxed e-con e-parent\" data-id=\"b73d029\" data-element_type=\"container\" data-e-type=\"container\">\n\t\t\t\t\t<div class=\"e-con-inner\">\n\t\t\t\t<div class=\"elementor-element elementor-element-77c3774 elementor-widget__width-initial elementor-widget elementor-widget-cs_form_cf7\" data-id=\"77c3774\" data-element_type=\"widget\" data-e-type=\"widget\" data-widget_type=\"cs_form_cf7.default\">\n\t\t\t\t<div class=\"elementor-widget-container\">\n\t\t\t\t\t            <div class=\"cs-form-cf7 placeholder-normal\">\n                <div class=\"cs-form-cf7-wrap\">\n<div class=\"wpcf7 no-js\" id=\"wpcf7-f2304-o1\" lang=\"en-US\" dir=\"ltr\" data-wpcf7-id=\"2304\">\n<div class=\"screen-reader-response\"><p role=\"status\" aria-live=\"polite\" aria-atomic=\"true\"><\/p> <ul><\/ul><\/div>\n<form action=\"\/hu\/wp-json\/wp\/v2\/pages\/783#wpcf7-f2304-o1\" method=\"post\" class=\"wpcf7-form init\" aria-label=\"Contact form\" novalidate=\"novalidate\" data-status=\"init\" data-trp-original-action=\"\/hu\/wp-json\/wp\/v2\/pages\/783#wpcf7-f2304-o1\">\n<fieldset class=\"hidden-fields-container\"><input type=\"hidden\" name=\"_wpcf7\" value=\"2304\" \/><input type=\"hidden\" name=\"_wpcf7_version\" value=\"6.1.5\" \/><input type=\"hidden\" name=\"_wpcf7_locale\" value=\"en_US\" \/><input type=\"hidden\" name=\"_wpcf7_unit_tag\" value=\"wpcf7-f2304-o1\" \/><input type=\"hidden\" name=\"_wpcf7_container_post\" value=\"0\" \/><input type=\"hidden\" name=\"_wpcf7_posted_data_hash\" value=\"\" \/>\n<\/fieldset>\n<p><label><span class=\"wpcf7-form-control-wrap\" data-name=\"your-name\"><input size=\"40\" maxlength=\"400\" class=\"wpcf7-form-control wpcf7-text wpcf7-validates-as-required\" autocomplete=\"name\" aria-required=\"true\" aria-invalid=\"false\" placeholder=\"Az \u00d6n neve\" value=\"\" type=\"text\" name=\"your-name\" \/><\/span> <\/label>\n<\/p>\n<p><label><span class=\"wpcf7-form-control-wrap\" data-name=\"your-email\"><input size=\"40\" maxlength=\"400\" class=\"wpcf7-form-control wpcf7-email wpcf7-validates-as-required wpcf7-text wpcf7-validates-as-email\" autocomplete=\"email\" aria-required=\"true\" aria-invalid=\"false\" placeholder=\"Az \u00d6n e-mail c\u00edme\" value=\"\" type=\"email\" name=\"your-email\" \/><\/span> <\/label>\n<\/p>\n<p><label><span class=\"wpcf7-form-control-wrap\" data-name=\"your-subject\"><input size=\"40\" maxlength=\"400\" class=\"wpcf7-form-control wpcf7-text wpcf7-validates-as-required\" aria-required=\"true\" aria-invalid=\"false\" placeholder=\"T\u00e1rgy:\" value=\"\" type=\"text\" name=\"your-subject\" \/><\/span> <\/label>\n<\/p>\n<p><label><span class=\"wpcf7-form-control-wrap\" data-name=\"your-message\"><textarea cols=\"40\" rows=\"10\" maxlength=\"2000\" class=\"wpcf7-form-control wpcf7-textarea\" aria-invalid=\"false\" placeholder=\"Az \u00d6n \u00fczenete\" name=\"your-message\"><\/textarea><\/span> <\/label>\n<\/p>\n<p><input class=\"wpcf7-form-control wpcf7-submit has-spinner\" type=\"submit\" value=\"\u00dczenet k\u00fcld\u00e9se\" \/>\n<\/p><div class=\"wpcf7-response-output\" aria-hidden=\"true\"><\/div>\n<input type=\"hidden\" name=\"trp-form-language\" value=\"hu\"\/><\/form>\n<\/div>\n<\/div>\n            <\/div>\t\t\t\t<\/div>\n\t\t\t\t<\/div>\n\t\t\t\t\t<\/div>\n\t\t\t\t<\/div>\n\t\t\t\t<\/div>","protected":false},"excerpt":{"rendered":"<p>frequently asked questions FAQ Where i can i park my Car? Free public parking is available on site and behind the Building (reservation is not required). What are the check-in and check-out times? Check-in from 2:00 PM to 11:30 PM Check-out by 11:00 AM May I bring my pet? Due to room size, pets are &#8230;<\/p>","protected":false},"author":1,"featured_media":0,"parent":0,"menu_order":0,"comment_status":"closed","ping_status":"closed","template":"template-wide-content.php","meta":{"cozystay_single_page_hide_site_header":"","cozystay_single_page_site_header_source":"","cozystay_single_page_custom_site_header":"0","cozystay_single_page_custom_sticky_site_header":"0","cozystay_single_page_hide_page_title":"on","cozystay_single_page_header_section_size":"","cozystay_single_page_header_background_color":"","cozystay_single_page_header_background_position_x":"center","cozystay_single_page_header_background_position_y":"center","cozystay_single_page_header_background_size":"cover","cozystay_single_page_header_background_repeat":"off","cozystay_single_page_header_background_scroll":"on","cozystay_single_page_header_text_color":"","cozystay_single_page_header_show_breadcrumb":"","cozystay_single_page_site_footer_hide_main":"","cozystay_single_custom_site_footer_main_source":"","cozystay_single_custom_site_footer_main":"0","cozystay_single_page_site_footer_hide_above":"","cozystay_single_custom_site_footer_above_source":"","cozystay_single_custom_site_footer_above":"0","cozystay_single_page_site_footer_hide_instagram":"","cozystay_single_page_site_footer_hide_bottom":"","cozystay_single_custom_mobile_menu_source":"","cozystay_single_custom_mobile_menu":"0","cozystay_single_custom_mobile_menu_animation":"","cozystay_single_custom_mobile_menu_width":"","cozystay_single_custom_mobile_menu_custom_width":375,"footnotes":""},"class_list":["post-783","page","type-page","status-publish","hentry"],"_links":{"self":[{"href":"https:\/\/marino-mar.com\/hu\/wp-json\/wp\/v2\/pages\/783","targetHints":{"allow":["GET"]}}],"collection":[{"href":"https:\/\/marino-mar.com\/hu\/wp-json\/wp\/v2\/pages"}],"about":[{"href":"https:\/\/marino-mar.com\/hu\/wp-json\/wp\/v2\/types\/page"}],"author":[{"embeddable":true,"href":"https:\/\/marino-mar.com\/hu\/wp-json\/wp\/v2\/users\/1"}],"replies":[{"embeddable":true,"href":"https:\/\/marino-mar.com\/hu\/wp-json\/wp\/v2\/comments?post=783"}],"version-history":[{"count":115,"href":"https:\/\/marino-mar.com\/hu\/wp-json\/wp\/v2\/pages\/783\/revisions"}],"predecessor-version":[{"id":6036,"href":"https:\/\/marino-mar.com\/hu\/wp-json\/wp\/v2\/pages\/783\/revisions\/6036"}],"wp:attachment":[{"href":"https:\/\/marino-mar.com\/hu\/wp-json\/wp\/v2\/media?parent=783"}],"curies":[{"name":"wp","href":"https:\/\/api.w.org\/{rel}","templated":true}]}}