{"id":3893,"date":"2026-02-04T11:57:52","date_gmt":"2026-02-04T10:57:52","guid":{"rendered":"https:\/\/marino-mar.com\/?page_id=3893"},"modified":"2026-03-15T12:17:14","modified_gmt":"2026-03-15T11:17:14","slug":"aviz-juridic","status":"publish","type":"page","link":"https:\/\/marino-mar.com\/ro\/legal-notice-impressum\/","title":{"rendered":"Notificare legal\u0103"},"content":{"rendered":"<div data-elementor-type=\"wp-page\" data-elementor-id=\"3893\" class=\"elementor elementor-3893\">\n\t\t\t\t<div class=\"elementor-element elementor-element-b4cf256 e-flex e-con-boxed e-con e-parent\" data-id=\"b4cf256\" data-element_type=\"container\" data-e-type=\"container\">\n\t\t\t\t\t<div class=\"e-con-inner\">\n\t\t\t\t<div class=\"elementor-element elementor-element-1c83870 elementor-widget elementor-widget-text-editor\" data-id=\"1c83870\" data-element_type=\"widget\" data-e-type=\"widget\" data-widget_type=\"text-editor.default\">\n\t\t\t\t\t\t\t\t\t<p data-path-to-node=\"10\" class=\"translation-block\"><b data-path-to-node=\"10\" data-index-in-node=\"0\">Furnizor conform \u00a7 5 DDG:<\/b>&nbsp;Gaetano Marino<\/p><p data-path-to-node=\"11\">Trauben 12<\/p><p data-path-to-node=\"12\">88250 Weingarten, Germany<\/p><p data-path-to-node=\"13\"><b data-path-to-node=\"13\" data-index-in-node=\"0\">Contact:<\/b> Phone: +49 176 64667357<\/p><p data-path-to-node=\"14\">E-mail: info@marino-mar.com<\/p><p data-path-to-node=\"15\" class=\"translation-block\"><b data-path-to-node=\"15\" data-index-in-node=\"0\">Informa\u021bii comerciale:<\/b> Apartamentul de vacan\u021b\u0103 este \u00eenregistrat \u00een municipalitatea Nessebar, Bulgaria.<\/p><p data-path-to-node=\"16\"><b data-path-to-node=\"16\" data-index-in-node=\"0\">Bulstat ID:<\/b>\u00a0180901520<\/p><p data-path-to-node=\"17\" class=\"translation-block\">Deoarece \u00eenchirierea este o activitate privat\u0103 \u00een conformitate cu sistemul bulgar de impozitare a brevetelor (art. 113 din Legea bulgar\u0103 privind TVA), nu se percepe \u0219i nu se afi\u0219eaz\u0103 TVA.<\/p>\t\t\t\t\t\t\t\t<\/div>\n\t\t\t\t\t<\/div>\n\t\t\t\t<\/div>\n\t\t\t\t<\/div>","protected":false},"excerpt":{"rendered":"<p>Provider according to \u00a7 5 DDG:\u00a0Gaetano Marino Trauben 12 88250 Weingarten, Germany Contact: Phone: +49 176 64667357 Email: info@marino-mar.com Business Information: The holiday apartment is registered in the Municipality of Nessebar, Bulgaria. Bulstat ID:\u00a0180901520 VAT Note: The rental is a private activity under the Bulgarian patent tax system. No VAT is charged or displayed (Art. &#8230;<\/p>","protected":false},"author":1,"featured_media":0,"parent":0,"menu_order":0,"comment_status":"closed","ping_status":"closed","template":"","meta":{"cozystay_single_page_hide_site_header":"","cozystay_single_page_site_header_source":"","cozystay_single_page_custom_site_header":"0","cozystay_single_page_custom_sticky_site_header":"0","cozystay_single_page_hide_page_title":"","cozystay_single_page_header_section_size":"","cozystay_single_page_header_background_color":"","cozystay_single_page_header_background_position_x":"center","cozystay_single_page_header_background_position_y":"center","cozystay_single_page_header_background_size":"cover","cozystay_single_page_header_background_repeat":"off","cozystay_single_page_header_background_scroll":"on","cozystay_single_page_header_text_color":"","cozystay_single_page_header_show_breadcrumb":"","cozystay_single_page_site_footer_hide_main":"","cozystay_single_custom_site_footer_main_source":"","cozystay_single_custom_site_footer_main":"0","cozystay_single_page_site_footer_hide_above":"","cozystay_single_custom_site_footer_above_source":"","cozystay_single_custom_site_footer_above":"0","cozystay_single_page_site_footer_hide_instagram":"","cozystay_single_page_site_footer_hide_bottom":"","cozystay_single_custom_mobile_menu_source":"","cozystay_single_custom_mobile_menu":"0","cozystay_single_custom_mobile_menu_animation":"","cozystay_single_custom_mobile_menu_width":"","cozystay_single_custom_mobile_menu_custom_width":375,"footnotes":""},"class_list":["post-3893","page","type-page","status-publish","hentry"],"_links":{"self":[{"href":"https:\/\/marino-mar.com\/ro\/wp-json\/wp\/v2\/pages\/3893","targetHints":{"allow":["GET"]}}],"collection":[{"href":"https:\/\/marino-mar.com\/ro\/wp-json\/wp\/v2\/pages"}],"about":[{"href":"https:\/\/marino-mar.com\/ro\/wp-json\/wp\/v2\/types\/page"}],"author":[{"embeddable":true,"href":"https:\/\/marino-mar.com\/ro\/wp-json\/wp\/v2\/users\/1"}],"replies":[{"embeddable":true,"href":"https:\/\/marino-mar.com\/ro\/wp-json\/wp\/v2\/comments?post=3893"}],"version-history":[{"count":12,"href":"https:\/\/marino-mar.com\/ro\/wp-json\/wp\/v2\/pages\/3893\/revisions"}],"predecessor-version":[{"id":5471,"href":"https:\/\/marino-mar.com\/ro\/wp-json\/wp\/v2\/pages\/3893\/revisions\/5471"}],"wp:attachment":[{"href":"https:\/\/marino-mar.com\/ro\/wp-json\/wp\/v2\/media?parent=3893"}],"curies":[{"name":"wp","href":"https:\/\/api.w.org\/{rel}","templated":true}]}}