{"id":3903,"date":"2026-02-04T12:32:47","date_gmt":"2026-02-04T11:32:47","guid":{"rendered":"https:\/\/marino-mar.com\/?page_id=3903"},"modified":"2026-03-15T12:16:45","modified_gmt":"2026-03-15T11:16:45","slug":"conditii-de-utilizare-politica-de-anulare","status":"publish","type":"page","link":"https:\/\/marino-mar.com\/ro\/terms-of-use-cancellation-policy\/","title":{"rendered":"Condi\u021bii de utilizare \u0219i politica de anulare"},"content":{"rendered":"<div data-elementor-type=\"wp-page\" data-elementor-id=\"3903\" class=\"elementor elementor-3903\">\n\t\t\t\t<div class=\"elementor-element elementor-element-d05ab54 e-flex e-con-boxed e-con e-parent\" data-id=\"d05ab54\" data-element_type=\"container\" data-e-type=\"container\">\n\t\t\t\t\t<div class=\"e-con-inner\">\n\t\t\t\t<div class=\"elementor-element elementor-element-33855b6 elementor-widget elementor-widget-cs_text-editor\" data-id=\"33855b6\" data-element_type=\"widget\" data-e-type=\"widget\" data-widget_type=\"cs_text-editor.default\">\n\t\t\t\t<div class=\"elementor-widget-container\">\n\t\t\t\t\t<h3 data-path-to-node=\"6\">1. Domeniul de aplicare \u0219i furnizorul<\/h3><p data-path-to-node=\"7\" class=\"translation-block\">Ace\u0219ti termeni \u0219i condi\u021bii se aplic\u0103 tuturor rezerv\u0103rilor efectuate prin intermediul site-ului web marino-mar.com. Partenerul contractual este: <b data-path-to-node=\"7\" data-index-in-node=\"118\">Gaetano Marino<\/b>, Trauben 12, 88250 Weingarten, Germania.<\/p><h3 data-path-to-node=\"8\">1.1 \u00cencheierea contractului<\/h3><p data-path-to-node=\"9\">Prin finalizarea procesului de rezervare \u0219i efectuarea pl\u0103\u021bii prin Stripe, se \u00eencheie un contract de \u00eenchiriere obligatoriu pentru perioada specificat\u0103.<\/p><h3 data-path-to-node=\"10\">1.2 Pre\u021buri \u0219i plat\u0103<\/h3><ul data-path-to-node=\"11\"><li><p data-path-to-node=\"11,0,0\">Toate pre\u021burile sunt pre\u021buri finale.<\/p><\/li><li><p data-path-to-node=\"11,1,0\">Deoarece \u00eenchirierea este o activitate privat\u0103 \u00een conformitate cu sistemul bulgar de impozitare a brevetelor (art. 113 din Legea bulgar\u0103 privind TVA), nu se percepe \u0219i nu se afi\u0219eaz\u0103 TVA.<\/p><\/li><li><p data-path-to-node=\"11,2,0\">Pentru a garanta rezervarea, este necesar\u0103 plata integral\u0103 prin Stripe.<\/p><\/li><\/ul><h3 data-path-to-node=\"12\">1.3 Politica de anulare<\/h3><p data-path-to-node=\"13\" class=\"translation-block\">\u00cen conformitate cu legisla\u021bia UE, nu exist\u0103 <b data-path-to-node=\"13\" data-index-in-node=\"36\">dreptul de retragere \u00een termen de 14 zile<\/b> pentru serviciile legate de cazare furnizate la o dat\u0103 specific\u0103 (\u00a7 312g alin. 2 nr. 9 BGB).<\/p><p data-path-to-node=\"13\" class=\"translation-block\"><b data-path-to-node=\"5\" data-index-in-node=\"0\">Anul\u0103rile trebuie transmise \u00een scris. Cea mai simpl\u0103 modalitate este s\u0103 r\u0103spunde\u021bi la e-mailul de confirmare a rezerv\u0103rii.<\/b> Data primirii va fi decisiv\u0103 pentru calcularea perioadei de anulare:<\/p><ul data-path-to-node=\"14\"><li><p data-path-to-node=\"14,0,0\" class=\"translation-block\"><b data-path-to-node=\"14,0,0\" data-index-in-node=\"0\">Anulare cu p\u00e2n\u0103 la 30 de zile \u00eenainte de sosire:<\/b> Rambursarea integral\u0103 a sumei rezerv\u0103rii.<\/p><\/li><li><p data-path-to-node=\"14,1,0\" class=\"translation-block\"><b data-path-to-node=\"14,1,0\" data-index-in-node=\"0\">Anulare \u00eentre 29 \u0219i 14 zile \u00eenainte de sosire:<\/b> rambursare de 50% din suma total\u0103 a rezerv\u0103rii.<\/p><\/li><li><p data-path-to-node=\"14,2,0\" class=\"translation-block\"><b data-path-to-node=\"14,2,0\" data-index-in-node=\"0\">Anulare cu mai pu\u021bin de 14 zile \u00eenainte de sosire sau neprezentare:<\/b> Nu se acord\u0103 nicio rambursare.<\/p><\/li><li><p data-path-to-node=\"14,3,0\" class=\"translation-block\"><b data-path-to-node=\"14,3,0\" data-index-in-node=\"0\">Not\u0103:<\/b> V\u0103 recomand\u0103m s\u0103 achizi\u021biona\u021bi o asigurare de anulare a c\u0103l\u0103toriei pentru a acoperi evenimente neprev\u0103zute.<\/p><\/li><\/ul><h3 data-path-to-node=\"15\">1.4 \u00cenregistrare obligatorie (ESTI)<\/h3><p data-path-to-node=\"16\">Oaspetele are obliga\u021bia legal\u0103 de a furniza date personale (pa\u0219aport\/act de identitate) pentru Registrul turistic bulgar (ESTI). Acest lucru se realizeaz\u0103 prin intermediul linkului nostru securizat JotForm, furnizat dup\u0103 efectuarea rezerv\u0103rii.<\/p>\t\t\t\t<\/div>\n\t\t\t\t<\/div>\n\t\t\t\t\t<\/div>\n\t\t\t\t<\/div>\n\t\t\t\t<\/div>","protected":false},"excerpt":{"rendered":"<p>1. Scope and Provider These terms and conditions apply to all bookings made through the website marino-mar.com. The contractual partner is: Gaetano Marino, Trauben 12, 88250 Weingarten, Germany. 1.1 Conclusion of Contract By completing the booking process and making a payment via Stripe, a binding rental agreement is concluded for the specified period. 1.2 Prices &#8230;<\/p>","protected":false},"author":1,"featured_media":0,"parent":0,"menu_order":0,"comment_status":"closed","ping_status":"closed","template":"","meta":{"cozystay_single_page_hide_site_header":"","cozystay_single_page_site_header_source":"","cozystay_single_page_custom_site_header":"0","cozystay_single_page_custom_sticky_site_header":"0","cozystay_single_page_hide_page_title":"","cozystay_single_page_header_section_size":"","cozystay_single_page_header_background_color":"","cozystay_single_page_header_background_position_x":"center","cozystay_single_page_header_background_position_y":"center","cozystay_single_page_header_background_size":"cover","cozystay_single_page_header_background_repeat":"off","cozystay_single_page_header_background_scroll":"on","cozystay_single_page_header_text_color":"","cozystay_single_page_header_show_breadcrumb":"","cozystay_single_page_site_footer_hide_main":"","cozystay_single_custom_site_footer_main_source":"","cozystay_single_custom_site_footer_main":"0","cozystay_single_page_site_footer_hide_above":"","cozystay_single_custom_site_footer_above_source":"","cozystay_single_custom_site_footer_above":"0","cozystay_single_page_site_footer_hide_instagram":"","cozystay_single_page_site_footer_hide_bottom":"","cozystay_single_custom_mobile_menu_source":"","cozystay_single_custom_mobile_menu":"0","cozystay_single_custom_mobile_menu_animation":"","cozystay_single_custom_mobile_menu_width":"","cozystay_single_custom_mobile_menu_custom_width":375,"footnotes":""},"class_list":["post-3903","page","type-page","status-publish","hentry"],"_links":{"self":[{"href":"https:\/\/marino-mar.com\/ro\/wp-json\/wp\/v2\/pages\/3903","targetHints":{"allow":["GET"]}}],"collection":[{"href":"https:\/\/marino-mar.com\/ro\/wp-json\/wp\/v2\/pages"}],"about":[{"href":"https:\/\/marino-mar.com\/ro\/wp-json\/wp\/v2\/types\/page"}],"author":[{"embeddable":true,"href":"https:\/\/marino-mar.com\/ro\/wp-json\/wp\/v2\/users\/1"}],"replies":[{"embeddable":true,"href":"https:\/\/marino-mar.com\/ro\/wp-json\/wp\/v2\/comments?post=3903"}],"version-history":[{"count":10,"href":"https:\/\/marino-mar.com\/ro\/wp-json\/wp\/v2\/pages\/3903\/revisions"}],"predecessor-version":[{"id":5649,"href":"https:\/\/marino-mar.com\/ro\/wp-json\/wp\/v2\/pages\/3903\/revisions\/5649"}],"wp:attachment":[{"href":"https:\/\/marino-mar.com\/ro\/wp-json\/wp\/v2\/media?parent=3903"}],"curies":[{"name":"wp","href":"https:\/\/api.w.org\/{rel}","templated":true}]}}