{"id":783,"date":"2023-03-19T02:55:37","date_gmt":"2023-03-19T02:55:37","guid":{"rendered":"https:\/\/cozystay.loftocean.com\/island-resort\/?page_id=783"},"modified":"2026-03-15T23:20:38","modified_gmt":"2026-03-15T22:20:38","slug":"intrebari-frecvente","status":"publish","type":"page","link":"https:\/\/marino-mar.com\/ro\/faq\/","title":{"rendered":"\u00ceNTREB\u0102RI FRECVENTE"},"content":{"rendered":"<div data-elementor-type=\"wp-page\" data-elementor-id=\"783\" class=\"elementor elementor-783\">\n\t\t\t\t\t\t<section class=\"elementor-section elementor-top-section elementor-element elementor-element-51b883a elementor-section-height-min-height cs-section-content-fullwidth cs-parallax-on-scroll cs_scroll_y_100 elementor-section-boxed elementor-section-height-default elementor-section-items-middle\" data-id=\"51b883a\" data-element_type=\"section\" data-e-type=\"section\" data-settings=\"{&quot;background_background&quot;:&quot;classic&quot;}\" data-cs-parallax-y=\"100\" style=\"background-image: none;\" data-cs-background-image=\"https:\/\/marino-mar.com\/wp-content\/uploads\/2023\/04\/laura-adai-WSkEEClb5Xc-unsplash-2.jpg\" data-cs-background-image-alt-text=\"\">\n\t\t\t\t\t\t<div class=\"elementor-container elementor-column-gap-default\">\n\t\t\t\t\t<div class=\"elementor-column elementor-col-100 elementor-top-column elementor-element elementor-element-f8603f5 dark-color\" data-id=\"f8603f5\" data-element_type=\"column\" data-e-type=\"column\">\n\t\t\t<div class=\"elementor-widget-wrap elementor-element-populated\">\n\t\t\t\t\t\t<div class=\"elementor-element elementor-element-5638ee6 elementor-widget elementor-widget-cs_title\" data-id=\"5638ee6\" data-element_type=\"widget\" data-e-type=\"widget\" data-widget_type=\"cs_title.default\">\n\t\t\t\t<div class=\"elementor-widget-container\">\n\t\t\t\t\t\n        <div class=\"cs-title-wrap text-center\">\t            <div class=\"cs-subtitle-wrap\"><span class=\"cs-subtitle color-white\">\u00eentreb\u0103ri frecvente<\/span><\/div>\t            <h1 class=\"cs-title\">\n\t                \u00ceNTREB\u0102RI FRECVENTE\t            <\/h1>        <\/div>\t\t\t\t<\/div>\n\t\t\t\t<\/div>\n\t\t\t\t\t<\/div>\n\t\t<\/div>\n\t\t\t\t\t<\/div>\n\t\t<\/section>\n\t\t<div class=\"elementor-element elementor-element-2b6e44c cs_scroll_y_80 cs-parallax-on-scroll elementor-mobile-align-center e-flex e-con-boxed e-con e-parent\" data-id=\"2b6e44c\" data-element_type=\"container\" data-e-type=\"container\" data-settings=\"{&quot;background_background&quot;:&quot;classic&quot;}\" data-cs-parallax-y=\"80\">\n\t\t\t\t\t<div class=\"e-con-inner\">\n\t\t\t\t<div class=\"elementor-element elementor-element-e9c328e elementor-widget elementor-widget-cs_info_box\" data-id=\"e9c328e\" data-element_type=\"widget\" data-e-type=\"widget\" data-widget_type=\"cs_info_box.default\">\n\t\t\t\t<div class=\"elementor-widget-container\">\n\t\t\t\t\t\n\t\t\t<div class=\"cs-info-box column-3 valign-top img-left\">\n                <div class=\"cs-info-box-wrap\">                    <div class=\"cs-info-box-item elementor-repeater-item-d9b7263\">\n                    \t<div class=\"cs-item-container\">\t                        <div class=\"cs-info-box-content\">\n\t                            <h5 class=\"cs-title cs-info-box-title\">Unde pot parca ma\u0219ina?\t\t\t\t\t\t\t\t<\/h5>\t                            \t<div class=\"cs-info-box-text\"><p>Parcarea public\u0103 gratuit\u0103 este disponibil\u0103 pe proprietate \u0219i \u00een spatele cl\u0103dirii (nu este necesar\u0103 rezervarea).<\/p><\/div>\t                        <\/div>\t                    <\/div>\n                    <\/div>                    <div class=\"cs-info-box-item elementor-repeater-item-5fe852d\">\n                    \t<div class=\"cs-item-container\">\t                        <div class=\"cs-info-box-content\">\n\t                            <h5 class=\"cs-title cs-info-box-title\">Care sunt orele de check-in \u0219i check-out?\t\t\t\t\t\t\t\t<\/h5>\t                            \t<div class=\"cs-info-box-text\"><p> Check-in \u00eentre 2:00 PM \u0219i 11:30 PM\n Check-out p\u00e2n\u0103 la 11:00 AM\n<\/p><\/div>\t                        <\/div>\t                    <\/div>\n                    <\/div>                    <div class=\"cs-info-box-item elementor-repeater-item-d5e6a6a\">\n                    \t<div class=\"cs-item-container\">\t                        <div class=\"cs-info-box-content\">\n\t                            <h5 class=\"cs-title cs-info-box-title\">Pot s\u0103-mi aduc animalul de companie?\t\t\t\t\t\t\t\t<\/h5>\t                            \t<div class=\"cs-info-box-text\"><p>Din cauza dimensiunii camerei, animalele de companie sunt permise numai \u00een Prime Studio.<\/p><\/div>\t                        <\/div>\t                    <\/div>\n                    <\/div>                    <div class=\"cs-info-box-item elementor-repeater-item-b7e6e27\">\n                    \t<div class=\"cs-item-container\">\t                        <div class=\"cs-info-box-content\">\n\t                            <h5 class=\"cs-title cs-info-box-title\">Micul dejun este servit acolo?\t\t\t\t\t\t\t\t<\/h5>\t                            \t<div class=\"cs-info-box-text\"><p>Da, \u00een restaurantul Chayka, care este situat \u00een cl\u0103direa Dawn Park.<\/p><\/div>\t                        <\/div>\t                    <\/div>\n                    <\/div>                    <div class=\"cs-info-box-item elementor-repeater-item-f40104f\">\n                    \t<div class=\"cs-item-container\">\t                        <div class=\"cs-info-box-content\">\n\t                            <h5 class=\"cs-title cs-info-box-title\">Exist\u0103 camere cu balcoane?\t\t\t\t\t\t\t\t<\/h5>\t                            \t<div class=\"cs-info-box-text\"><p>da, toate camerele au balcon<\/p><\/div>\t                        <\/div>\t                    <\/div>\n                    <\/div>                    <div class=\"cs-info-box-item elementor-repeater-item-44700a8\">\n                    \t<div class=\"cs-item-container\">\t                        <div class=\"cs-info-box-content\">\n\t                            <h5 class=\"cs-title cs-info-box-title\">Pot pl\u0103ti \u00een numerar la fa\u021ba locului?\t\t\t\t\t\t\t\t<\/h5>\t                            \t<div class=\"cs-info-box-text\"><p>Plata este posibil\u0103 numai online, cu rezervare \u00een avans.<\/p><\/div>\t                        <\/div>\t                    <\/div>\n                    <\/div>\t\t\t\t<\/div>\n\t\t\t<\/div>\t\t\t\t<\/div>\n\t\t\t\t<\/div>\n\t\t\t\t<div class=\"elementor-element elementor-element-89a665d elementor-widget elementor-widget-cs_info_box\" data-id=\"89a665d\" data-element_type=\"widget\" data-e-type=\"widget\" data-widget_type=\"cs_info_box.default\">\n\t\t\t\t<div class=\"elementor-widget-container\">\n\t\t\t\t\t\n\t\t\t<div class=\"cs-info-box column-3 valign-top img-left\">\n                <div class=\"cs-info-box-wrap\">                    <div class=\"cs-info-box-item elementor-repeater-item-d9b7263\">\n                    \t<div class=\"cs-item-container\">\t                        <div class=\"cs-info-box-content\">\n\t                            <h5 class=\"cs-title cs-info-box-title\">Sunt incluse prosoapele \u0219i lenjeria de pat?\t\t\t\t\t\t\t\t<\/h5>\t                            \t<div class=\"cs-info-box-text\"><p>Paturile sunt proasp\u0103t f\u0103cute, iar prosoapele sunt furnizate.<\/p><\/div>\t                        <\/div>\t                    <\/div>\n                    <\/div>                    <div class=\"cs-info-box-item elementor-repeater-item-5fe852d\">\n                    \t<div class=\"cs-item-container\">\t                        <div class=\"cs-info-box-content\">\n\t                            <h5 class=\"cs-title cs-info-box-title\">Trebuie s\u0103 pl\u0103ti\u021bi pentru umbrele \u0219i \u0219ezlonguri?\t\t\t\t\t\t\t\t<\/h5>\t                            \t<div class=\"cs-info-box-text\"><p>Nu, acestea sunt incluse \u0219i \u00een func\u021bie de disponibilitate.<\/p><\/div>\t                        <\/div>\t                    <\/div>\n                    <\/div>                    <div class=\"cs-info-box-item elementor-repeater-item-d5e6a6a\">\n                    \t<div class=\"cs-item-container\">\t                        <div class=\"cs-info-box-content\">\n\t                            <h5 class=\"cs-title cs-info-box-title\">Exist\u0103 room service?\t\t\t\t\t\t\t\t<\/h5>\t                            \t<div class=\"cs-info-box-text\"><p>Nu, apartamentele sunt pentru self-catering.<\/p><\/div>\t                        <\/div>\t                    <\/div>\n                    <\/div>                    <div class=\"cs-info-box-item elementor-repeater-item-b7e6e27\">\n                    \t<div class=\"cs-item-container\">\t                        <div class=\"cs-info-box-content\">\n\t                            <h5 class=\"cs-title cs-info-box-title\">Trebuie s\u0103 fac eu \u00eensumi cur\u0103\u021benie \u00een camer\u0103 c\u00e2nd plec?\t\t\t\t\t\t\t\t<\/h5>\t                            \t<div class=\"cs-info-box-text\"><p>Nu, se cur\u0103\u021b\u0103 dup\u0103 fiecare checkout. Trebuie doar s\u0103 goli\u021bi frigiderul \u0219i gunoiul.<\/p><\/div>\t                        <\/div>\t                    <\/div>\n                    <\/div>                    <div class=\"cs-info-box-item elementor-repeater-item-f40104f\">\n                    \t<div class=\"cs-item-container\">\t                        <div class=\"cs-info-box-content\">\n\t                            <h5 class=\"cs-title cs-info-box-title\">Pe cine pot contacta dac\u0103 am \u00eentreb\u0103ri?\t\t\t\t\t\t\t\t<\/h5>\t                            \t<div class=\"cs-info-box-text\"><p>Pe pagina de contact ave\u021bi mai multe modalit\u0103\u021bi de a ne contacta. R\u0103spundem foarte repede.<\/p><\/div>\t                        <\/div>\t                    <\/div>\n                    <\/div>                    <div class=\"cs-info-box-item elementor-repeater-item-44700a8\">\n                    \t<div class=\"cs-item-container\">\t                        <div class=\"cs-info-box-content\">\n\t                            <h5 class=\"cs-title cs-info-box-title\">Exist\u0103 o buc\u0103t\u0103rie? Pot g\u0103ti acolo?\t\t\t\t\t\t\t\t<\/h5>\t                            \t<div class=\"cs-info-box-text\"><p>Nu exist\u0103 buc\u0103t\u0103rie, dar sincer, este mai ieftin s\u0103 m\u0103n\u00e2nci afar\u0103 dec\u00e2t s\u0103 cumperi alimente de la supermarket.<\/p><\/div>\t                        <\/div>\t                    <\/div>\n                    <\/div>                    <div class=\"cs-info-box-item elementor-repeater-item-e90e5cf\">\n                    \t<div class=\"cs-item-container\">\t                        <div class=\"cs-info-box-content\">\n\t                            <h5 class=\"cs-title cs-info-box-title\">C\u00e2t de departe este urm\u0103toarea plaj\u0103?\t\t\t\t\t\t\t\t<\/h5>\t                            \t<div class=\"cs-info-box-text\"><p>urm\u0103toarea plaj\u0103 este Chayka Beach 700m sau 10 minute de mers pe jos<\/p><\/div>\t                        <\/div>\t                    <\/div>\n                    <\/div>                    <div class=\"cs-info-box-item elementor-repeater-item-d09aa3c\">\n                    \t<div class=\"cs-item-container\">\t                        <div class=\"cs-info-box-content\">\n\t                            <h5 class=\"cs-title cs-info-box-title\">C\u00e2t de departe este centrul?\t\t\t\t\t\t\t\t<\/h5>\t                            \t<div class=\"cs-info-box-text\"><p>Centrul Sunny Beach este la aproximativ 900 m distan\u021b\u0103, p\u00e2n\u0103 la 15 minute de mers pe jos.<\/p><\/div>\t                        <\/div>\t                    <\/div>\n                    <\/div>                    <div class=\"cs-info-box-item elementor-repeater-item-06e7a30\">\n                    \t<div class=\"cs-item-container\">\t                        <div class=\"cs-info-box-content\">\n\t                            <h5 class=\"cs-title cs-info-box-title\">C\u00e2t de departe este urm\u0103toarea sta\u021bie de autobuz?\t\t\t\t\t\t\t\t<\/h5>\t                            \t<div class=\"cs-info-box-text\"><p>urm\u0103toarea sta\u021bie este foarte aproape, pe strada principal\u0103, la 5 minute de mers pe jos.<\/p><\/div>\t                        <\/div>\t                    <\/div>\n                    <\/div>\t\t\t\t<\/div>\n\t\t\t<\/div>\t\t\t\t<\/div>\n\t\t\t\t<\/div>\n\t\t\t\t\t<\/div>\n\t\t\t\t<\/div>\n\t\t<div class=\"elementor-element elementor-element-2d638af e-flex e-con-boxed e-con e-parent\" data-id=\"2d638af\" data-element_type=\"container\" data-e-type=\"container\">\n\t\t\t\t\t<div class=\"e-con-inner\">\n\t\t\t\t<div class=\"elementor-element elementor-element-33e037f elementor-invisible elementor-widget elementor-widget-cs_team\" data-id=\"33e037f\" data-element_type=\"widget\" data-e-type=\"widget\" data-settings=\"{&quot;_animation&quot;:&quot;fadeInDown&quot;}\" data-widget_type=\"cs_team.default\">\n\t\t\t\t<div class=\"elementor-widget-container\">\n\t\t\t\t\t\n        <div class=\"cs-team text-center\">                <div class=\"cs-team-photo\">\n                    <img fetchpriority=\"high\" decoding=\"async\" width=\"562\" height=\"597\" src=\"https:\/\/marino-mar.com\/wp-content\/uploads\/2026\/02\/faq-host-questions-1.webp\" class=\"attachment-full size-full wp-image-5271\" alt=\"Un b\u0103rbat cu p\u0103r negru \u0219i barb\u0103, purt\u00e2nd o c\u0103ma\u0219\u0103 albastr\u0103, st\u0103 la masa unei cafenele cu o tablet\u0103, o cea\u0219c\u0103 de cafea \u0219i un pahar de ap\u0103. Interiorul cafenelei este confortabil, cu oameni \u0219i rafturi \u00een fundal.\" srcset=\"https:\/\/marino-mar.com\/wp-content\/uploads\/2026\/02\/faq-host-questions-1.webp 562w, https:\/\/marino-mar.com\/wp-content\/uploads\/2026\/02\/faq-host-questions-1-282x300.webp 282w, https:\/\/marino-mar.com\/wp-content\/uploads\/2026\/02\/faq-host-questions-1-550x584.webp 550w, https:\/\/marino-mar.com\/wp-content\/uploads\/2026\/02\/faq-host-questions-1-370x393.webp 370w, https:\/\/marino-mar.com\/wp-content\/uploads\/2026\/02\/faq-host-questions-1-255x271.webp 255w, https:\/\/marino-mar.com\/wp-content\/uploads\/2026\/02\/faq-host-questions-1-141x150.webp 141w\" sizes=\"(max-width: 562px) 100vw, 562px\" \/>                <\/div>            <div class=\"cs-team-info\">                <span class=\"cs-subtitle cs-team-position\">superhost<\/span>                <h2 class=\"cs-title cs-team-name color-primary\">\n                    Gaetano Marino                <\/h2>                <div class=\"cs-team-text\">\n                    contacta\u021bi-m\u0103 pentru mai multe \u00eentreb\u0103ri                <\/div>            <\/div>\n        <\/div>\t\t\t\t<\/div>\n\t\t\t\t<\/div>\n\t\t\t\t\t<\/div>\n\t\t\t\t<\/div>\n\t\t<div class=\"elementor-element elementor-element-b73d029 e-flex e-con-boxed e-con e-parent\" data-id=\"b73d029\" data-element_type=\"container\" data-e-type=\"container\">\n\t\t\t\t\t<div class=\"e-con-inner\">\n\t\t\t\t<div class=\"elementor-element elementor-element-77c3774 elementor-widget__width-initial elementor-widget elementor-widget-cs_form_cf7\" data-id=\"77c3774\" data-element_type=\"widget\" data-e-type=\"widget\" data-widget_type=\"cs_form_cf7.default\">\n\t\t\t\t<div class=\"elementor-widget-container\">\n\t\t\t\t\t            <div class=\"cs-form-cf7 placeholder-normal\">\n                <div class=\"cs-form-cf7-wrap\">\n<div class=\"wpcf7 no-js\" id=\"wpcf7-f2304-o1\" lang=\"en-US\" dir=\"ltr\" data-wpcf7-id=\"2304\">\n<div class=\"screen-reader-response\"><p role=\"status\" aria-live=\"polite\" aria-atomic=\"true\"><\/p> <ul><\/ul><\/div>\n<form action=\"\/ro\/wp-json\/wp\/v2\/pages\/783#wpcf7-f2304-o1\" method=\"post\" class=\"wpcf7-form init\" aria-label=\"Contact form\" novalidate=\"novalidate\" data-status=\"init\" data-trp-original-action=\"\/ro\/wp-json\/wp\/v2\/pages\/783#wpcf7-f2304-o1\">\n<fieldset class=\"hidden-fields-container\"><input type=\"hidden\" name=\"_wpcf7\" value=\"2304\" \/><input type=\"hidden\" name=\"_wpcf7_version\" value=\"6.1.5\" \/><input type=\"hidden\" name=\"_wpcf7_locale\" value=\"en_US\" \/><input type=\"hidden\" name=\"_wpcf7_unit_tag\" value=\"wpcf7-f2304-o1\" \/><input type=\"hidden\" name=\"_wpcf7_container_post\" value=\"0\" \/><input type=\"hidden\" name=\"_wpcf7_posted_data_hash\" value=\"\" \/>\n<\/fieldset>\n<p><label><span class=\"wpcf7-form-control-wrap\" data-name=\"your-name\"><input size=\"40\" maxlength=\"400\" class=\"wpcf7-form-control wpcf7-text wpcf7-validates-as-required\" autocomplete=\"name\" aria-required=\"true\" aria-invalid=\"false\" placeholder=\"Numele dvs.\" value=\"\" type=\"text\" name=\"your-name\" \/><\/span> <\/label>\n<\/p>\n<p><label><span class=\"wpcf7-form-control-wrap\" data-name=\"your-email\"><input size=\"40\" maxlength=\"400\" class=\"wpcf7-form-control wpcf7-email wpcf7-validates-as-required wpcf7-text wpcf7-validates-as-email\" autocomplete=\"email\" aria-required=\"true\" aria-invalid=\"false\" placeholder=\"Adresa dvs. de e-mail\" value=\"\" type=\"email\" name=\"your-email\" \/><\/span> <\/label>\n<\/p>\n<p><label><span class=\"wpcf7-form-control-wrap\" data-name=\"your-subject\"><input size=\"40\" maxlength=\"400\" class=\"wpcf7-form-control wpcf7-text wpcf7-validates-as-required\" aria-required=\"true\" aria-invalid=\"false\" placeholder=\"Tema\" value=\"\" type=\"text\" name=\"your-subject\" \/><\/span> <\/label>\n<\/p>\n<p><label><span class=\"wpcf7-form-control-wrap\" data-name=\"your-message\"><textarea cols=\"40\" rows=\"10\" maxlength=\"2000\" class=\"wpcf7-form-control wpcf7-textarea\" aria-invalid=\"false\" placeholder=\"Trimite\u021bi mesajul dvs.\" name=\"your-message\"><\/textarea><\/span> <\/label>\n<\/p>\n<p><input class=\"wpcf7-form-control wpcf7-submit has-spinner\" type=\"submit\" value=\"Trimite\u021bi mesajul dvs.\" \/>\n<\/p><div class=\"wpcf7-response-output\" aria-hidden=\"true\"><\/div>\n<input type=\"hidden\" name=\"trp-form-language\" value=\"ro\"\/><\/form>\n<\/div>\n<\/div>\n            <\/div>\t\t\t\t<\/div>\n\t\t\t\t<\/div>\n\t\t\t\t\t<\/div>\n\t\t\t\t<\/div>\n\t\t\t\t<\/div>","protected":false},"excerpt":{"rendered":"<p>frequently asked questions FAQ Where i can i park my Car? Free public parking is available on site and behind the Building (reservation is not required). What are the check-in and check-out times? Check-in from 2:00 PM to 11:30 PM Check-out by 11:00 AM May I bring my pet? Due to room size, pets are &#8230;<\/p>","protected":false},"author":1,"featured_media":0,"parent":0,"menu_order":0,"comment_status":"closed","ping_status":"closed","template":"template-wide-content.php","meta":{"cozystay_single_page_hide_site_header":"","cozystay_single_page_site_header_source":"","cozystay_single_page_custom_site_header":"0","cozystay_single_page_custom_sticky_site_header":"0","cozystay_single_page_hide_page_title":"on","cozystay_single_page_header_section_size":"","cozystay_single_page_header_background_color":"","cozystay_single_page_header_background_position_x":"center","cozystay_single_page_header_background_position_y":"center","cozystay_single_page_header_background_size":"cover","cozystay_single_page_header_background_repeat":"off","cozystay_single_page_header_background_scroll":"on","cozystay_single_page_header_text_color":"","cozystay_single_page_header_show_breadcrumb":"","cozystay_single_page_site_footer_hide_main":"","cozystay_single_custom_site_footer_main_source":"","cozystay_single_custom_site_footer_main":"0","cozystay_single_page_site_footer_hide_above":"","cozystay_single_custom_site_footer_above_source":"","cozystay_single_custom_site_footer_above":"0","cozystay_single_page_site_footer_hide_instagram":"","cozystay_single_page_site_footer_hide_bottom":"","cozystay_single_custom_mobile_menu_source":"","cozystay_single_custom_mobile_menu":"0","cozystay_single_custom_mobile_menu_animation":"","cozystay_single_custom_mobile_menu_width":"","cozystay_single_custom_mobile_menu_custom_width":375,"footnotes":""},"class_list":["post-783","page","type-page","status-publish","hentry"],"_links":{"self":[{"href":"https:\/\/marino-mar.com\/ro\/wp-json\/wp\/v2\/pages\/783","targetHints":{"allow":["GET"]}}],"collection":[{"href":"https:\/\/marino-mar.com\/ro\/wp-json\/wp\/v2\/pages"}],"about":[{"href":"https:\/\/marino-mar.com\/ro\/wp-json\/wp\/v2\/types\/page"}],"author":[{"embeddable":true,"href":"https:\/\/marino-mar.com\/ro\/wp-json\/wp\/v2\/users\/1"}],"replies":[{"embeddable":true,"href":"https:\/\/marino-mar.com\/ro\/wp-json\/wp\/v2\/comments?post=783"}],"version-history":[{"count":115,"href":"https:\/\/marino-mar.com\/ro\/wp-json\/wp\/v2\/pages\/783\/revisions"}],"predecessor-version":[{"id":6036,"href":"https:\/\/marino-mar.com\/ro\/wp-json\/wp\/v2\/pages\/783\/revisions\/6036"}],"wp:attachment":[{"href":"https:\/\/marino-mar.com\/ro\/wp-json\/wp\/v2\/media?parent=783"}],"curies":[{"name":"wp","href":"https:\/\/api.w.org\/{rel}","templated":true}]}}