{"id":3916,"date":"2026-02-04T23:14:54","date_gmt":"2026-02-04T22:14:54","guid":{"rendered":"https:\/\/marino-mar.com\/?page_id=3916"},"modified":"2026-03-15T12:15:05","modified_gmt":"2026-03-15T11:15:05","slug":"cookie-policy","status":"publish","type":"page","link":"https:\/\/marino-mar.com\/sk\/cookie-policy\/","title":{"rendered":"Z\u00e1sady pou\u017e\u00edvania s\u00faborov cookie"},"content":{"rendered":"<div data-elementor-type=\"wp-page\" data-elementor-id=\"3916\" class=\"elementor elementor-3916\">\n\t\t\t\t<div class=\"elementor-element elementor-element-74b20e0 e-flex e-con-boxed e-con e-parent\" data-id=\"74b20e0\" data-element_type=\"container\" data-e-type=\"container\">\n\t\t\t\t\t<div class=\"e-con-inner\">\n\t\t\t\t<div class=\"elementor-element elementor-element-2994c74 elementor-widget elementor-widget-shortcode\" data-id=\"2994c74\" data-element_type=\"widget\" data-e-type=\"widget\" data-widget_type=\"shortcode.default\">\n\t\t\t\t\t\t\t<div class=\"elementor-shortcode\">\n<!-- Legal document generated by Complianz | GDPR\/CCPA Cookie Consent https:\/\/wordpress.org\/plugins\/complianz-gdpr -->\n<div id=\"cmplz-document\" class=\"cmplz-document cookie-statement cmplz-document-eu\"><p><i>Tieto Z\u00e1sady pou\u017e\u00edvania s\u00faborov cookie boli naposledy aktualizovan\u00e9 7. febru\u00e1r 2026 a vz\u0165ahuj\u00fa sa na ob\u010danov a leg\u00e1lne osoby s trval\u00fdm pobytom v Eur\u00f3pskom hospod\u00e1rskom priestore a \u0160vaj\u010diarsku.<\/i><br><\/p><h2>1. \u00davod<\/h2><p>Na\u0161a webov\u00e1 str\u00e1nka, <a href=\"https:\/\/marino-mar.com\/sk\/\">https:\/\/marino-mar.com\/sk\/<\/a> (\u010falej len \u201ewebov\u00e1 str\u00e1nka\u201c) pou\u017e\u00edva s\u00fabory cookie a \u010fal\u0161ie s\u00favisiace technol\u00f3gie (v\u0161etky technol\u00f3gie sa kv\u00f4li pohodliu ozna\u010duj\u00fa ako \u201es\u00fabory cookie\u201c). S\u00fabory cookie umiest\u0148uj\u00fa aj tretie strany, ktor\u00e9 sme zapojili. V ni\u017e\u0161ie uvedenom dokumente v\u00e1s informujeme o pou\u017e\u00edvan\u00ed s\u00faborov cookie na na\u0161ich webov\u00fdch str\u00e1nkach.<\/p><h2>2. \u010co s\u00fa cookies?<\/h2><p>Cookie je mal\u00fd jednoduch\u00fd s\u00fabor, ktor\u00fd je odoslan\u00fd spolu so str\u00e1nkami tohto webu a ulo\u017een\u00fd va\u0161im prehliada\u010dom na pevnom disku v\u00e1\u0161ho po\u010d\u00edta\u010da alebo in\u00e9ho zariadenia. Inform\u00e1cie v nich ulo\u017een\u00e9 m\u00f4\u017eu by\u0165 vr\u00e1ten\u00e9 na na\u0161e servery alebo na servery pr\u00edslu\u0161n\u00fdch tret\u00edch str\u00e1n po\u010das nasleduj\u00facej n\u00e1v\u0161tevy.<\/p><h2>3. \u010co s\u00fa skripty?<\/h2><p>Skript je \u010das\u0165 programov\u00e9ho k\u00f3du, ktor\u00fd sa pou\u017e\u00edva na spr\u00e1vnu a interakt\u00edvnu funkciu na\u0161ich webov\u00fdch str\u00e1nok. Tento k\u00f3d sa spust\u00ed na na\u0161om serveri alebo na va\u0161om zariaden\u00ed.<\/p><h2>4. \u010co je to webov\u00fd maj\u00e1k?<\/h2><p>Webov\u00fd maj\u00e1k (alebo pixelov\u00e1 zna\u010dka) je mal\u00fd nevidite\u013en\u00fd text alebo obr\u00e1zok na webovej str\u00e1nke, ktor\u00fd sa pou\u017e\u00edva na monitorovanie n\u00e1v\u0161tevnosti webov\u00fdch str\u00e1nok. Za t\u00fdmto \u00fa\u010delom sa pomocou webov\u00fdch maj\u00e1kov ukladaj\u00fa r\u00f4zne \u00fadaje o v\u00e1s.<\/p><h2>5. Cookies<\/h2><p class=\"cmplz-subtitle\">5.1 Technick\u00e9 alebo funk\u010dn\u00e9 cookies<\/p><p>Niektor\u00e9 s\u00fabory cookie zais\u0165uj\u00fa, \u017ee ur\u010dit\u00e9 \u010dasti webov\u00fdch str\u00e1nok funguj\u00fa spr\u00e1vne a \u017ee va\u0161e preferencie pou\u017e\u00edvate\u013eov zostan\u00fa zn\u00e1me. Umiestnen\u00edm funk\u010dn\u00fdch s\u00faborov cookie v\u00e1m u\u013eah\u010dujeme n\u00e1v\u0161tevu na\u0161ich webov\u00fdch str\u00e1nok. Takto nemus\u00edte pri n\u00e1v\u0161teve na\u0161ich webov\u00fdch str\u00e1nok opakovane zad\u00e1va\u0165 rovnak\u00e9 inform\u00e1cie a napr\u00edklad polo\u017eky zostan\u00fa vo va\u0161om n\u00e1kupnom ko\u0161\u00edku, k\u00fdm nezaplat\u00edte. Tieto s\u00fabory cookie m\u00f4\u017eeme umiest\u0148ova\u0165 bez v\u00e1\u0161ho s\u00fahlasu.<\/p><p class=\"cmplz-subtitle\">5.2 Marketingov\u00e9\/sledovacie cookies<\/p><p>Marketingov\u00e9\/sledovacie s\u00fabory cookie s\u00fa s\u00fabory cookie alebo ak\u00e1ko\u013evek in\u00e1 forma miestneho \u00falo\u017eiska, ktor\u00e9 sa pou\u017e\u00edvaj\u00fa na vytv\u00e1ranie profilov pou\u017e\u00edvate\u013eov na zobrazenie reklamy alebo na sledovanie pou\u017e\u00edvate\u013ea na tomto webe alebo na nieko\u013ek\u00fdch webov\u00fdch str\u00e1nkach na podobn\u00e9 marketingov\u00e9 \u00fa\u010dely.<\/p><p class=\"cmplz-subtitle\">5.3 Soci\u00e1lne m\u00e9di\u00e1<\/p><p>Na na\u0161u webov\u00fa str\u00e1nku sme zahrnuli obsah od Instagram, WhatsApp, Pinterest a Facebook na propag\u00e1ciu webov\u00fdch str\u00e1nok (napr. \u201ep\u00e1\u010di sa mi to\u201c, \u201epripnutie\u201c) alebo zdie\u013eanie (napr. \u201etweetovanie\u201c) na soci\u00e1lnych sie\u0165ach ako Instagram, WhatsApp, Pinterest a Facebook. Tento obsah je vlo\u017een\u00fd s k\u00f3dom odvoden\u00fdm z Instagram, WhatsApp, Pinterest a Facebook a umiest\u0148uje s\u00fabory cookie. Tento obsah m\u00f4\u017ee uchov\u00e1va\u0165 a spracov\u00e1va\u0165 ur\u010dit\u00e9 inform\u00e1cie na \u00fa\u010dely prisp\u00f4sobenej reklamy.<\/p><p>Pre\u010d\u00edtajte si pros\u00edm vyhl\u00e1senie o ochrane osobn\u00fdch \u00fadajov t\u00fdchto soci\u00e1lnych siet\u00ed (ktor\u00e9 sa m\u00f4\u017eu pravidelne meni\u0165) a pre\u010d\u00edtajte si, \u010do robia s va\u0161imi (osobn\u00fdmi) \u00fadajmi, ktor\u00e9 sprac\u00favaj\u00fa pomocou t\u00fdchto s\u00faborov cookie. Z\u00edskan\u00e9 \u00fadaje s\u00fa \u010do najviac anonymizovan\u00e9. Instagram, WhatsApp, Pinterest a Facebook sa nach\u00e1dzaj\u00fa v USA.<\/p><h2>6. Umiestnen\u00e9 cookies<\/h2><div id=\"cmplz-cookies-overview\"><\/div><h2>7. S\u00fahlas<\/h2><p>Ke\u010f nav\u0161t\u00edvite n\u00e1\u0161 web prv\u00fdkr\u00e1t, uk\u00e1\u017eeme v\u00e1m kontextov\u00e9 okno s vysvetlen\u00edm o s\u00faboroch cookie. Akon\u00e1hle kliknete na \u201eSave preferences\u201c, s\u00fahlas\u00edte s t\u00fdm, \u017ee pou\u017eijeme kateg\u00f3rie s\u00faborov cookie a doplnkov, ktor\u00e9 ste vybrali v kontextovom okne, ako je to pop\u00edsan\u00e9 v t\u00fdchto z\u00e1sad\u00e1ch pou\u017e\u00edvania s\u00faborov cookie. Pou\u017e\u00edvanie s\u00faborov cookie m\u00f4\u017eete zak\u00e1za\u0165 prostredn\u00edctvom svojho prehliada\u010da, ale upozor\u0148ujeme, \u017ee n\u00e1\u0161 web u\u017e nemus\u00ed spr\u00e1vne fungova\u0165.<\/p><p class=\"cmplz-subtitle\">7.1 Spravujte svoje nastavenia s\u00fahlasu<\/p><div id=\"cmplz-manage-consent-container-nojavascript\">Na\u010d\u00edtali ste z\u00e1sady pou\u017e\u00edvania s\u00faborov cookie bez podpory JavaScriptu.&nbsp;Na str\u00e1nkach AMP m\u00f4\u017eete pou\u017ei\u0165 tla\u010didlo Spravova\u0165 s\u00fahlas v spodnej \u010dasti str\u00e1nky.<\/div><div id=\"cmplz-manage-consent-container\" class=\"cmplz-manage-consent-container\"><\/div><h2>8. Povolenie\/zak\u00e1zanie a odstra\u0148ovanie s\u00faborov cookie<\/h2><p>V\u00e1\u0161 internetov\u00fd prehliada\u010d m\u00f4\u017eete pou\u017ei\u0165 na automatick\u00e9 alebo manu\u00e1lne mazanie cookies. M\u00f4\u017eete tie\u017e \u0161pecifikova\u0165, \u017ee niektor\u00e9 s\u00fabory cookie nemusia by\u0165 umiestnen\u00e9. \u010eal\u0161ou mo\u017enos\u0165ou je zmeni\u0165 nastavenia svojho internetov\u00e9ho prehliada\u010da tak, aby ste dostali spr\u00e1vu v\u017edy, ke\u010f sa umiestni s\u00fabor cookie. \u010eal\u0161ie inform\u00e1cie o t\u00fdchto mo\u017enostiach n\u00e1jdete v pokynoch v \u010dasti Pomocn\u00edk v\u00e1\u0161ho prehliada\u010da.<\/p><p>Upozor\u0148ujeme, \u017ee ak s\u00fa v\u0161etky s\u00fabory cookie zak\u00e1zan\u00e9, n\u00e1\u0161 web nemus\u00ed fungova\u0165 spr\u00e1vne. Pokia\u013e cookies vyma\u017eete vo svojom prehliada\u010di, bud\u00fa znova umiestnen\u00e9 po va\u0161om s\u00fahlase, ke\u010f znova nav\u0161t\u00edvite na\u0161e webov\u00e9 str\u00e1nky.<\/p><h2>9. Va\u0161e pr\u00e1va v s\u00favislosti s osobn\u00fdmi \u00fadajmi<\/h2><p>Pokia\u013e ide o va\u0161e osobn\u00e9 \u00fadaje, m\u00e1te nasleduj\u00face pr\u00e1va:<\/p><ul>\n                    <li>M\u00e1te pr\u00e1vo vedie\u0165, pre\u010do s\u00fa va\u0161e osobn\u00e9 \u00fadaje potrebn\u00e9, \u010do sa s nimi stane a ako dlho bud\u00fa uchov\u00e1van\u00e9.<\/li>\n                    <li>Pr\u00e1vo na pr\u00edstup: M\u00e1te pr\u00e1vo na pr\u00edstup k svojim osobn\u00fdm \u00fadajom, ktor\u00e9 s\u00fa n\u00e1m zn\u00e1me.<\/li>\n                    <li>Pr\u00e1vo na opravu: m\u00e1te pr\u00e1vo kedyko\u013evek doplni\u0165, opravi\u0165, vymaza\u0165 alebo zablokova\u0165 va\u0161e osobn\u00e9 \u00fadaje.<\/li>\n                    <li>Ak n\u00e1m udel\u00edte s\u00fahlas so spracovan\u00edm va\u0161ich \u00fadajov, m\u00e1te pr\u00e1vo tento s\u00fahlas odvola\u0165 a vymaza\u0165 va\u0161e osobn\u00e9 \u00fadaje.<\/li>\n                    <li>Pr\u00e1vo na prenos va\u0161ich \u00fadajov: m\u00e1te pr\u00e1vo po\u017eadova\u0165 od spr\u00e1vcu v\u0161etky svoje osobn\u00e9 \u00fadaje a prenies\u0165 ich v celom rozsahu k \u010fal\u0161iemu prev\u00e1dzkovate\u013eovi.<\/li>\n                    <li>Pr\u00e1vo namieta\u0165: m\u00f4\u017eete vznies\u0165 n\u00e1mietku proti spracovaniu va\u0161ich \u00fadajov. Dodr\u017eiavame to, pokia\u013e neexistuj\u00fa od\u00f4vodnen\u00e9 d\u00f4vody na spracovanie.<\/li>\n                <\/ul><p>Ak chcete uplatni\u0165 tieto pr\u00e1va, kontaktujte n\u00e1s. Pozrite sa na kontaktn\u00e9 \u00fadaje v spodnej \u010dasti t\u00fdchto z\u00e1sad pou\u017e\u00edvania s\u00faborov cookie. Ak m\u00e1te s\u0165a\u017enos\u0165 na to, ako nar\u00e1bame s va\u0161imi \u00fadajmi, radi by sme v\u00e1s po\u010duli, ale m\u00e1te tie\u017e pr\u00e1vo poda\u0165 s\u0165a\u017enos\u0165 dozorn\u00e9mu org\u00e1nu (\u00faradu na ochranu \u00fadajov).<\/p><h2>10. Kontaktn\u00e9 \u00fadaje<\/h2><p>Ak m\u00e1te ot\u00e1zky alebo pripomienky k na\u0161im z\u00e1sad\u00e1m pou\u017e\u00edvania s\u00faborov cookie a tomuto vyhl\u00e1seniu, kontaktujte n\u00e1s pomocou nasleduj\u00facich kontaktn\u00fdch \u00fadajov:<\/p><p><span class=\"cmplz-contact-organisation\">Gaetano Marino<\/span><br>\n                      <span class=\"cmplz-contact-address\">Trauben 12, 88250 Weingarten<\/span><br>\n                      <span class=\"cmplz-contact-country\">Nemecko<\/span><br>\n                      <span class=\"cmplz-contact-domain\">Webov\u00e1 str\u00e1nka: <a href=\"https:\/\/marino-mar.com\/sk\/\">https:\/\/marino-mar.com\/sk\/<\/a><\/span><br>\n                      <span class=\"cmplz-contact-email\">E -mail: <span class=\"cmplz-obfuscate\">i&#110;f&#111;@<span class=\"cmplz-fmail-domain\">&#101;x.&#099;&#111;&#109;<\/span>mar&#105;&#110;o&#045;&#109;ar.&#099;om<\/span><\/span><br>\n                    <span class=\"cmplz-contact-telephone\">Phone number: 01766465667357<\/span><\/p><p>Tieto z\u00e1sady pou\u017e\u00edvania s\u00faborov cookie boli synchronizovan\u00e9 s serverom <a href=\"https:\/\/cookiedatabase.org\/\" target=\"_blank\" rel=\"noopener\">cookiedatabase.org<\/a> v 7. febru\u00e1r 2026.<\/p><\/div><\/div>\n\t\t\t\t\t\t<\/div>\n\t\t\t\t\t<\/div>\n\t\t\t\t<\/div>\n\t\t\t\t<\/div>","protected":false},"excerpt":{"rendered":"","protected":false},"author":1,"featured_media":0,"parent":0,"menu_order":0,"comment_status":"closed","ping_status":"closed","template":"","meta":{"cozystay_single_page_hide_site_header":"","cozystay_single_page_site_header_source":"","cozystay_single_page_custom_site_header":"0","cozystay_single_page_custom_sticky_site_header":"0","cozystay_single_page_hide_page_title":"","cozystay_single_page_header_section_size":"","cozystay_single_page_header_background_color":"","cozystay_single_page_header_background_position_x":"center","cozystay_single_page_header_background_position_y":"center","cozystay_single_page_header_background_size":"cover","cozystay_single_page_header_background_repeat":"off","cozystay_single_page_header_background_scroll":"on","cozystay_single_page_header_text_color":"","cozystay_single_page_header_show_breadcrumb":"","cozystay_single_page_site_footer_hide_main":"","cozystay_single_custom_site_footer_main_source":"","cozystay_single_custom_site_footer_main":"0","cozystay_single_page_site_footer_hide_above":"","cozystay_single_custom_site_footer_above_source":"","cozystay_single_custom_site_footer_above":"0","cozystay_single_page_site_footer_hide_instagram":"","cozystay_single_page_site_footer_hide_bottom":"","cozystay_single_custom_mobile_menu_source":"","cozystay_single_custom_mobile_menu":"0","cozystay_single_custom_mobile_menu_animation":"","cozystay_single_custom_mobile_menu_width":"","cozystay_single_custom_mobile_menu_custom_width":375,"footnotes":""},"class_list":["post-3916","page","type-page","status-publish","hentry"],"_links":{"self":[{"href":"https:\/\/marino-mar.com\/sk\/wp-json\/wp\/v2\/pages\/3916","targetHints":{"allow":["GET"]}}],"collection":[{"href":"https:\/\/marino-mar.com\/sk\/wp-json\/wp\/v2\/pages"}],"about":[{"href":"https:\/\/marino-mar.com\/sk\/wp-json\/wp\/v2\/types\/page"}],"author":[{"embeddable":true,"href":"https:\/\/marino-mar.com\/sk\/wp-json\/wp\/v2\/users\/1"}],"replies":[{"embeddable":true,"href":"https:\/\/marino-mar.com\/sk\/wp-json\/wp\/v2\/comments?post=3916"}],"version-history":[{"count":8,"href":"https:\/\/marino-mar.com\/sk\/wp-json\/wp\/v2\/pages\/3916\/revisions"}],"predecessor-version":[{"id":3929,"href":"https:\/\/marino-mar.com\/sk\/wp-json\/wp\/v2\/pages\/3916\/revisions\/3929"}],"wp:attachment":[{"href":"https:\/\/marino-mar.com\/sk\/wp-json\/wp\/v2\/media?parent=3916"}],"curies":[{"name":"wp","href":"https:\/\/api.w.org\/{rel}","templated":true}]}}