{"id":783,"date":"2023-03-19T02:55:37","date_gmt":"2023-03-19T02:55:37","guid":{"rendered":"https:\/\/cozystay.loftocean.com\/island-resort\/?page_id=783"},"modified":"2026-03-15T23:20:38","modified_gmt":"2026-03-15T22:20:38","slug":"faq","status":"publish","type":"page","link":"https:\/\/marino-mar.com\/sk\/faq\/","title":{"rendered":"\u010cASTO KLADEN\u00c9 OT\u00c1ZKY"},"content":{"rendered":"<div data-elementor-type=\"wp-page\" data-elementor-id=\"783\" class=\"elementor elementor-783\">\n\t\t\t\t\t\t<section class=\"elementor-section elementor-top-section elementor-element elementor-element-51b883a elementor-section-height-min-height cs-section-content-fullwidth cs-parallax-on-scroll cs_scroll_y_100 elementor-section-boxed elementor-section-height-default elementor-section-items-middle\" data-id=\"51b883a\" data-element_type=\"section\" data-e-type=\"section\" data-settings=\"{&quot;background_background&quot;:&quot;classic&quot;}\" data-cs-parallax-y=\"100\" style=\"background-image: none;\" data-cs-background-image=\"https:\/\/marino-mar.com\/wp-content\/uploads\/2023\/04\/laura-adai-WSkEEClb5Xc-unsplash-2.jpg\" data-cs-background-image-alt-text=\"\">\n\t\t\t\t\t\t<div class=\"elementor-container elementor-column-gap-default\">\n\t\t\t\t\t<div class=\"elementor-column elementor-col-100 elementor-top-column elementor-element elementor-element-f8603f5 dark-color\" data-id=\"f8603f5\" data-element_type=\"column\" data-e-type=\"column\">\n\t\t\t<div class=\"elementor-widget-wrap elementor-element-populated\">\n\t\t\t\t\t\t<div class=\"elementor-element elementor-element-5638ee6 elementor-widget elementor-widget-cs_title\" data-id=\"5638ee6\" data-element_type=\"widget\" data-e-type=\"widget\" data-widget_type=\"cs_title.default\">\n\t\t\t\t<div class=\"elementor-widget-container\">\n\t\t\t\t\t\n        <div class=\"cs-title-wrap text-center\">\t            <div class=\"cs-subtitle-wrap\"><span class=\"cs-subtitle color-white\">\u010dasto kladen\u00e9 ot\u00e1zky<\/span><\/div>\t            <h1 class=\"cs-title\">\n\t                \u010cASTO KLADEN\u00c9 OT\u00c1ZKY\t            <\/h1>        <\/div>\t\t\t\t<\/div>\n\t\t\t\t<\/div>\n\t\t\t\t\t<\/div>\n\t\t<\/div>\n\t\t\t\t\t<\/div>\n\t\t<\/section>\n\t\t<div class=\"elementor-element elementor-element-2b6e44c cs_scroll_y_80 cs-parallax-on-scroll elementor-mobile-align-center e-flex e-con-boxed e-con e-parent\" data-id=\"2b6e44c\" data-element_type=\"container\" data-e-type=\"container\" data-settings=\"{&quot;background_background&quot;:&quot;classic&quot;}\" data-cs-parallax-y=\"80\">\n\t\t\t\t\t<div class=\"e-con-inner\">\n\t\t\t\t<div class=\"elementor-element elementor-element-e9c328e elementor-widget elementor-widget-cs_info_box\" data-id=\"e9c328e\" data-element_type=\"widget\" data-e-type=\"widget\" data-widget_type=\"cs_info_box.default\">\n\t\t\t\t<div class=\"elementor-widget-container\">\n\t\t\t\t\t\n\t\t\t<div class=\"cs-info-box column-3 valign-top img-left\">\n                <div class=\"cs-info-box-wrap\">                    <div class=\"cs-info-box-item elementor-repeater-item-d9b7263\">\n                    \t<div class=\"cs-item-container\">\t                        <div class=\"cs-info-box-content\">\n\t                            <h5 class=\"cs-title cs-info-box-title\">Kde m\u00f4\u017eem zaparkova\u0165 svoje auto?\t\t\t\t\t\t\t\t<\/h5>\t                            \t<div class=\"cs-info-box-text\"><p>Bezplatn\u00e9 verejn\u00e9 parkovisko je k dispoz\u00edcii na mieste a za budovou (rezerv\u00e1cia nie je potrebn\u00e1).<\/p><\/div>\t                        <\/div>\t                    <\/div>\n                    <\/div>                    <div class=\"cs-info-box-item elementor-repeater-item-5fe852d\">\n                    \t<div class=\"cs-item-container\">\t                        <div class=\"cs-info-box-content\">\n\t                            <h5 class=\"cs-title cs-info-box-title\">Ak\u00fd je \u010das prihl\u00e1senia a odhl\u00e1senia?\t\t\t\t\t\t\t\t<\/h5>\t                            \t<div class=\"cs-info-box-text\"><p> Registr\u00e1cia od 14:00 do 23:30\n Check-out do 11:00 hod.\n<\/p><\/div>\t                        <\/div>\t                    <\/div>\n                    <\/div>                    <div class=\"cs-info-box-item elementor-repeater-item-d5e6a6a\">\n                    \t<div class=\"cs-item-container\">\t                        <div class=\"cs-info-box-content\">\n\t                            <h5 class=\"cs-title cs-info-box-title\">M\u00f4\u017eem si so sebou vzia\u0165 dom\u00e1ceho mil\u00e1\u010dika?\t\t\t\t\t\t\t\t<\/h5>\t                            \t<div class=\"cs-info-box-text\"><p>Vzh\u013eadom na ve\u013ekos\u0165 izby s\u00fa dom\u00e1ce zvierat\u00e1 povolen\u00e9 len v \u0161t\u00fadiu Prime.<\/p><\/div>\t                        <\/div>\t                    <\/div>\n                    <\/div>                    <div class=\"cs-info-box-item elementor-repeater-item-b7e6e27\">\n                    \t<div class=\"cs-item-container\">\t                        <div class=\"cs-info-box-content\">\n\t                            <h5 class=\"cs-title cs-info-box-title\">Pod\u00e1vaj\u00fa sa tam ra\u0148ajky?\t\t\t\t\t\t\t\t<\/h5>\t                            \t<div class=\"cs-info-box-text\"><p>\u00c1no, v re\u0161taur\u00e1cii Chayka, ktor\u00e1 sa nach\u00e1dza v budove Dawn Park.<\/p><\/div>\t                        <\/div>\t                    <\/div>\n                    <\/div>                    <div class=\"cs-info-box-item elementor-repeater-item-f40104f\">\n                    \t<div class=\"cs-item-container\">\t                        <div class=\"cs-info-box-content\">\n\t                            <h5 class=\"cs-title cs-info-box-title\">S\u00fa tu izby s balk\u00f3nom?\t\t\t\t\t\t\t\t<\/h5>\t                            \t<div class=\"cs-info-box-text\"><p>\u00e1no, v\u0161etky izby maj\u00fa balk\u00f3n<\/p><\/div>\t                        <\/div>\t                    <\/div>\n                    <\/div>                    <div class=\"cs-info-box-item elementor-repeater-item-44700a8\">\n                    \t<div class=\"cs-item-container\">\t                        <div class=\"cs-info-box-content\">\n\t                            <h5 class=\"cs-title cs-info-box-title\">M\u00f4\u017eem plati\u0165 v hotovosti na mieste?\t\t\t\t\t\t\t\t<\/h5>\t                            \t<div class=\"cs-info-box-text\"><p>Platba je mo\u017en\u00e1 len online s predbe\u017enou rezerv\u00e1ciou.<\/p><\/div>\t                        <\/div>\t                    <\/div>\n                    <\/div>\t\t\t\t<\/div>\n\t\t\t<\/div>\t\t\t\t<\/div>\n\t\t\t\t<\/div>\n\t\t\t\t<div class=\"elementor-element elementor-element-89a665d elementor-widget elementor-widget-cs_info_box\" data-id=\"89a665d\" data-element_type=\"widget\" data-e-type=\"widget\" data-widget_type=\"cs_info_box.default\">\n\t\t\t\t<div class=\"elementor-widget-container\">\n\t\t\t\t\t\n\t\t\t<div class=\"cs-info-box column-3 valign-top img-left\">\n                <div class=\"cs-info-box-wrap\">                    <div class=\"cs-info-box-item elementor-repeater-item-d9b7263\">\n                    \t<div class=\"cs-item-container\">\t                        <div class=\"cs-info-box-content\">\n\t                            <h5 class=\"cs-title cs-info-box-title\">S\u00fa v cene zahrnut\u00e9 uter\u00e1ky a poste\u013en\u00e1 bielize\u0148?\t\t\t\t\t\t\t\t<\/h5>\t                            \t<div class=\"cs-info-box-text\"><p>Postele s\u00fa \u010derstvo ustlan\u00e9 a k dispoz\u00edcii s\u00fa uter\u00e1ky.<\/p><\/div>\t                        <\/div>\t                    <\/div>\n                    <\/div>                    <div class=\"cs-info-box-item elementor-repeater-item-5fe852d\">\n                    \t<div class=\"cs-item-container\">\t                        <div class=\"cs-info-box-content\">\n\t                            <h5 class=\"cs-title cs-info-box-title\">Mus\u00edte plati\u0165 za slne\u010dn\u00edky a le\u017eadl\u00e1?\t\t\t\t\t\t\t\t<\/h5>\t                            \t<div class=\"cs-info-box-text\"><p>Nie, tieto s\u00fa zahrnut\u00e9 v cene a z\u00e1visia od dostupnosti.<\/p><\/div>\t                        <\/div>\t                    <\/div>\n                    <\/div>                    <div class=\"cs-info-box-item elementor-repeater-item-d5e6a6a\">\n                    \t<div class=\"cs-item-container\">\t                        <div class=\"cs-info-box-content\">\n\t                            <h5 class=\"cs-title cs-info-box-title\">Je k dispoz\u00edcii izbov\u00e1 slu\u017eba?\t\t\t\t\t\t\t\t<\/h5>\t                            \t<div class=\"cs-info-box-text\"><p>Nie, apartm\u00e1ny s\u00fa ur\u010den\u00e9 na vlastn\u00e9 stravovanie.<\/p><\/div>\t                        <\/div>\t                    <\/div>\n                    <\/div>                    <div class=\"cs-info-box-item elementor-repeater-item-b7e6e27\">\n                    \t<div class=\"cs-item-container\">\t                        <div class=\"cs-info-box-content\">\n\t                            <h5 class=\"cs-title cs-info-box-title\">Mus\u00edm si izbu pri odchode uprata\u0165 s\u00e1m?\t\t\t\t\t\t\t\t<\/h5>\t                            \t<div class=\"cs-info-box-text\"><p>Nie, \u010dist\u00ed sa po ka\u017edej kontrole. Sta\u010d\u00ed vypr\u00e1zdni\u0165 chladni\u010dku a odpadkov\u00fd k\u00f4\u0161.<\/p><\/div>\t                        <\/div>\t                    <\/div>\n                    <\/div>                    <div class=\"cs-info-box-item elementor-repeater-item-f40104f\">\n                    \t<div class=\"cs-item-container\">\t                        <div class=\"cs-info-box-content\">\n\t                            <h5 class=\"cs-title cs-info-box-title\">Na koho sa m\u00f4\u017eem obr\u00e1ti\u0165 v pr\u00edpade ot\u00e1zok?\t\t\t\t\t\t\t\t<\/h5>\t                            \t<div class=\"cs-info-box-text\"><p>Na str\u00e1nke s kontaktmi m\u00e1te nieko\u013eko mo\u017enost\u00ed, ako n\u00e1s kontaktova\u0165. Reagujeme ve\u013emi r\u00fdchlo.<\/p><\/div>\t                        <\/div>\t                    <\/div>\n                    <\/div>                    <div class=\"cs-info-box-item elementor-repeater-item-44700a8\">\n                    \t<div class=\"cs-item-container\">\t                        <div class=\"cs-info-box-content\">\n\t                            <h5 class=\"cs-title cs-info-box-title\">Je tu kuchy\u0148a? M\u00f4\u017eem tam vari\u0165?\t\t\t\t\t\t\t\t<\/h5>\t                            \t<div class=\"cs-info-box-text\"><p>Nie je tu kuchy\u0148a, ale \u00faprimne povedan\u00e9, je lacnej\u0161ie jes\u0165 vonku ako kupova\u0165 potraviny v supermarkete.<\/p><\/div>\t                        <\/div>\t                    <\/div>\n                    <\/div>                    <div class=\"cs-info-box-item elementor-repeater-item-e90e5cf\">\n                    \t<div class=\"cs-item-container\">\t                        <div class=\"cs-info-box-content\">\n\t                            <h5 class=\"cs-title cs-info-box-title\">Ako \u010faleko je to na \u010fal\u0161iu pl\u00e1\u017e?\t\t\t\t\t\t\t\t<\/h5>\t                            \t<div class=\"cs-info-box-text\"><p>\u010fal\u0161ia pl\u00e1\u017e je Chayka Beach 700m alebo 10 min\u00fat ch\u00f4dze<\/p><\/div>\t                        <\/div>\t                    <\/div>\n                    <\/div>                    <div class=\"cs-info-box-item elementor-repeater-item-d09aa3c\">\n                    \t<div class=\"cs-item-container\">\t                        <div class=\"cs-info-box-content\">\n\t                            <h5 class=\"cs-title cs-info-box-title\">Ako \u010faleko je centrum?\t\t\t\t\t\t\t\t<\/h5>\t                            \t<div class=\"cs-info-box-text\"><p>Centrum Slne\u010dn\u00e9ho pobre\u017eia je vzdialen\u00e9 pribli\u017ene 900 m a 15 min\u00fat ch\u00f4dze.<\/p><\/div>\t                        <\/div>\t                    <\/div>\n                    <\/div>                    <div class=\"cs-info-box-item elementor-repeater-item-06e7a30\">\n                    \t<div class=\"cs-item-container\">\t                        <div class=\"cs-info-box-content\">\n\t                            <h5 class=\"cs-title cs-info-box-title\">Ako \u010faleko je \u010fal\u0161ia autobusov\u00e1 zast\u00e1vka?\t\t\t\t\t\t\t\t<\/h5>\t                            \t<div class=\"cs-info-box-text\"><p>\u010fal\u0161ia stanica je ve\u013emi bl\u00edzko na hlavnej ulici 5 min\u00fat ch\u00f4dze.<\/p><\/div>\t                        <\/div>\t                    <\/div>\n                    <\/div>\t\t\t\t<\/div>\n\t\t\t<\/div>\t\t\t\t<\/div>\n\t\t\t\t<\/div>\n\t\t\t\t\t<\/div>\n\t\t\t\t<\/div>\n\t\t<div class=\"elementor-element elementor-element-2d638af e-flex e-con-boxed e-con e-parent\" data-id=\"2d638af\" data-element_type=\"container\" data-e-type=\"container\">\n\t\t\t\t\t<div class=\"e-con-inner\">\n\t\t\t\t<div class=\"elementor-element elementor-element-33e037f elementor-invisible elementor-widget elementor-widget-cs_team\" data-id=\"33e037f\" data-element_type=\"widget\" data-e-type=\"widget\" data-settings=\"{&quot;_animation&quot;:&quot;fadeInDown&quot;}\" data-widget_type=\"cs_team.default\">\n\t\t\t\t<div class=\"elementor-widget-container\">\n\t\t\t\t\t\n        <div class=\"cs-team text-center\">                <div class=\"cs-team-photo\">\n                    <img fetchpriority=\"high\" decoding=\"async\" width=\"562\" height=\"597\" src=\"https:\/\/marino-mar.com\/wp-content\/uploads\/2026\/02\/faq-host-questions-1.webp\" class=\"attachment-full size-full wp-image-5271\" alt=\"Mu\u017e s tmav\u00fdmi vlasmi a bradou v modrej ko\u0161eli sed\u00ed pri kaviarenskom stole s tabletom, \u0161\u00e1lkou k\u00e1vy a poh\u00e1rom vody. Interi\u00e9r kaviarne je \u00fatuln\u00fd, v pozad\u00ed s\u00fa \u013eudia a police.\" srcset=\"https:\/\/marino-mar.com\/wp-content\/uploads\/2026\/02\/faq-host-questions-1.webp 562w, https:\/\/marino-mar.com\/wp-content\/uploads\/2026\/02\/faq-host-questions-1-282x300.webp 282w, https:\/\/marino-mar.com\/wp-content\/uploads\/2026\/02\/faq-host-questions-1-550x584.webp 550w, https:\/\/marino-mar.com\/wp-content\/uploads\/2026\/02\/faq-host-questions-1-370x393.webp 370w, https:\/\/marino-mar.com\/wp-content\/uploads\/2026\/02\/faq-host-questions-1-255x271.webp 255w, https:\/\/marino-mar.com\/wp-content\/uploads\/2026\/02\/faq-host-questions-1-141x150.webp 141w\" sizes=\"(max-width: 562px) 100vw, 562px\" \/>                <\/div>            <div class=\"cs-team-info\">                <span class=\"cs-subtitle cs-team-position\">superhostite\u013e<\/span>                <h2 class=\"cs-title cs-team-name color-primary\">\n                    Gaetano Marino                <\/h2>                <div class=\"cs-team-text\">\n                    kontaktujte ma pre viac ot\u00e1zok                <\/div>            <\/div>\n        <\/div>\t\t\t\t<\/div>\n\t\t\t\t<\/div>\n\t\t\t\t\t<\/div>\n\t\t\t\t<\/div>\n\t\t<div class=\"elementor-element elementor-element-b73d029 e-flex e-con-boxed e-con e-parent\" data-id=\"b73d029\" data-element_type=\"container\" data-e-type=\"container\">\n\t\t\t\t\t<div class=\"e-con-inner\">\n\t\t\t\t<div class=\"elementor-element elementor-element-77c3774 elementor-widget__width-initial elementor-widget elementor-widget-cs_form_cf7\" data-id=\"77c3774\" data-element_type=\"widget\" data-e-type=\"widget\" data-widget_type=\"cs_form_cf7.default\">\n\t\t\t\t<div class=\"elementor-widget-container\">\n\t\t\t\t\t            <div class=\"cs-form-cf7 placeholder-normal\">\n                <div class=\"cs-form-cf7-wrap\">\n<div class=\"wpcf7 no-js\" id=\"wpcf7-f2304-o1\" lang=\"en-US\" dir=\"ltr\" data-wpcf7-id=\"2304\">\n<div class=\"screen-reader-response\"><p role=\"status\" aria-live=\"polite\" aria-atomic=\"true\"><\/p> <ul><\/ul><\/div>\n<form action=\"\/sk\/wp-json\/wp\/v2\/pages\/783#wpcf7-f2304-o1\" method=\"post\" class=\"wpcf7-form init\" aria-label=\"Contact form\" novalidate=\"novalidate\" data-status=\"init\" data-trp-original-action=\"\/sk\/wp-json\/wp\/v2\/pages\/783#wpcf7-f2304-o1\">\n<fieldset class=\"hidden-fields-container\"><input type=\"hidden\" name=\"_wpcf7\" value=\"2304\" \/><input type=\"hidden\" name=\"_wpcf7_version\" value=\"6.1.5\" \/><input type=\"hidden\" name=\"_wpcf7_locale\" value=\"en_US\" \/><input type=\"hidden\" name=\"_wpcf7_unit_tag\" value=\"wpcf7-f2304-o1\" \/><input type=\"hidden\" name=\"_wpcf7_container_post\" value=\"0\" \/><input type=\"hidden\" name=\"_wpcf7_posted_data_hash\" value=\"\" \/>\n<\/fieldset>\n<p><label><span class=\"wpcf7-form-control-wrap\" data-name=\"your-name\"><input size=\"40\" maxlength=\"400\" class=\"wpcf7-form-control wpcf7-text wpcf7-validates-as-required\" autocomplete=\"name\" aria-required=\"true\" aria-invalid=\"false\" placeholder=\"Va\u0161e meno\" value=\"\" type=\"text\" name=\"your-name\" \/><\/span> <\/label>\n<\/p>\n<p><label><span class=\"wpcf7-form-control-wrap\" data-name=\"your-email\"><input size=\"40\" maxlength=\"400\" class=\"wpcf7-form-control wpcf7-email wpcf7-validates-as-required wpcf7-text wpcf7-validates-as-email\" autocomplete=\"email\" aria-required=\"true\" aria-invalid=\"false\" placeholder=\"V\u00e1\u0161 e-mail\" value=\"\" type=\"email\" name=\"your-email\" \/><\/span> <\/label>\n<\/p>\n<p><label><span class=\"wpcf7-form-control-wrap\" data-name=\"your-subject\"><input size=\"40\" maxlength=\"400\" class=\"wpcf7-form-control wpcf7-text wpcf7-validates-as-required\" aria-required=\"true\" aria-invalid=\"false\" placeholder=\"Predmet\" value=\"\" type=\"text\" name=\"your-subject\" \/><\/span> <\/label>\n<\/p>\n<p><label><span class=\"wpcf7-form-control-wrap\" data-name=\"your-message\"><textarea cols=\"40\" rows=\"10\" maxlength=\"2000\" class=\"wpcf7-form-control wpcf7-textarea\" aria-invalid=\"false\" placeholder=\"Va\u0161a spr\u00e1va\" name=\"your-message\"><\/textarea><\/span> <\/label>\n<\/p>\n<p><input class=\"wpcf7-form-control wpcf7-submit has-spinner\" type=\"submit\" value=\"Odosla\u0165 spr\u00e1vu\" \/>\n<\/p><div class=\"wpcf7-response-output\" aria-hidden=\"true\"><\/div>\n<input type=\"hidden\" name=\"trp-form-language\" value=\"sk\"\/><\/form>\n<\/div>\n<\/div>\n            <\/div>\t\t\t\t<\/div>\n\t\t\t\t<\/div>\n\t\t\t\t\t<\/div>\n\t\t\t\t<\/div>\n\t\t\t\t<\/div>","protected":false},"excerpt":{"rendered":"<p>frequently asked questions FAQ Where i can i park my Car? Free public parking is available on site and behind the Building (reservation is not required). What are the check-in and check-out times? Check-in from 2:00 PM to 11:30 PM Check-out by 11:00 AM May I bring my pet? Due to room size, pets are &#8230;<\/p>","protected":false},"author":1,"featured_media":0,"parent":0,"menu_order":0,"comment_status":"closed","ping_status":"closed","template":"template-wide-content.php","meta":{"cozystay_single_page_hide_site_header":"","cozystay_single_page_site_header_source":"","cozystay_single_page_custom_site_header":"0","cozystay_single_page_custom_sticky_site_header":"0","cozystay_single_page_hide_page_title":"on","cozystay_single_page_header_section_size":"","cozystay_single_page_header_background_color":"","cozystay_single_page_header_background_position_x":"center","cozystay_single_page_header_background_position_y":"center","cozystay_single_page_header_background_size":"cover","cozystay_single_page_header_background_repeat":"off","cozystay_single_page_header_background_scroll":"on","cozystay_single_page_header_text_color":"","cozystay_single_page_header_show_breadcrumb":"","cozystay_single_page_site_footer_hide_main":"","cozystay_single_custom_site_footer_main_source":"","cozystay_single_custom_site_footer_main":"0","cozystay_single_page_site_footer_hide_above":"","cozystay_single_custom_site_footer_above_source":"","cozystay_single_custom_site_footer_above":"0","cozystay_single_page_site_footer_hide_instagram":"","cozystay_single_page_site_footer_hide_bottom":"","cozystay_single_custom_mobile_menu_source":"","cozystay_single_custom_mobile_menu":"0","cozystay_single_custom_mobile_menu_animation":"","cozystay_single_custom_mobile_menu_width":"","cozystay_single_custom_mobile_menu_custom_width":375,"footnotes":""},"class_list":["post-783","page","type-page","status-publish","hentry"],"_links":{"self":[{"href":"https:\/\/marino-mar.com\/sk\/wp-json\/wp\/v2\/pages\/783","targetHints":{"allow":["GET"]}}],"collection":[{"href":"https:\/\/marino-mar.com\/sk\/wp-json\/wp\/v2\/pages"}],"about":[{"href":"https:\/\/marino-mar.com\/sk\/wp-json\/wp\/v2\/types\/page"}],"author":[{"embeddable":true,"href":"https:\/\/marino-mar.com\/sk\/wp-json\/wp\/v2\/users\/1"}],"replies":[{"embeddable":true,"href":"https:\/\/marino-mar.com\/sk\/wp-json\/wp\/v2\/comments?post=783"}],"version-history":[{"count":115,"href":"https:\/\/marino-mar.com\/sk\/wp-json\/wp\/v2\/pages\/783\/revisions"}],"predecessor-version":[{"id":6036,"href":"https:\/\/marino-mar.com\/sk\/wp-json\/wp\/v2\/pages\/783\/revisions\/6036"}],"wp:attachment":[{"href":"https:\/\/marino-mar.com\/sk\/wp-json\/wp\/v2\/media?parent=783"}],"curies":[{"name":"wp","href":"https:\/\/api.w.org\/{rel}","templated":true}]}}