{"id":3798,"date":"2026-01-31T19:38:53","date_gmt":"2026-01-31T18:38:53","guid":{"rendered":"https:\/\/marino-mar.com\/?page_id=3798"},"modified":"2026-03-17T13:11:05","modified_gmt":"2026-03-17T12:11:05","slug":"gizlilik-politikasi","status":"publish","type":"page","link":"https:\/\/marino-mar.com\/tr\/privacy-policy\/","title":{"rendered":"Gizlilik Politikas\u0131"},"content":{"rendered":"<div data-elementor-type=\"wp-page\" data-elementor-id=\"3798\" class=\"elementor elementor-3798\">\n\t\t\t\t<div class=\"elementor-element elementor-element-15821d72 e-flex e-con-boxed e-con e-parent\" data-id=\"15821d72\" data-element_type=\"container\" data-e-type=\"container\">\n\t\t\t\t\t<div class=\"e-con-inner\">\n\t\t\t\t<div class=\"elementor-element elementor-element-8d0ea03 elementor-widget elementor-widget-text-editor\" data-id=\"8d0ea03\" data-element_type=\"widget\" data-e-type=\"widget\" data-widget_type=\"text-editor.default\">\n\t\t\t\t\t\t\t\t\t<h2 data-path-to-node=\"3\">1. Genel Bilgiler<\/h2><p data-path-to-node=\"4\">Bu web sitesinin operat\u00f6r\u00fc, ki\u015fisel verilerinizin korunmas\u0131n\u0131 \u00e7ok ciddiye almaktad\u0131r. Ki\u015fisel verilerinizi gizli tutar ve yasal veri koruma d\u00fczenlemelerine (GDPR) ve bu Gizlilik Politikas\u0131na uygun olarak i\u015fleriz.<\/p><p data-path-to-node=\"5\" class=\"translation-block\"><b data-path-to-node=\"5\" data-index-in-node=\"0\">1.1 Veri Sorumlusu<\/b> Gaetano Marino Trauben 12 88250 Weingarten Almanya E-posta: info@marino-mar.com<\/p><p data-path-to-node=\"6\" class=\"translation-block\"><b data-path-to-node=\"6\" data-index-in-node=\"0\">1.2 Rezervasyon ve Yasal Bildirim (ESTI Bulgaristan)<\/b> Dairemizi rezerve etti\u011finizde ki\u015fisel verilerinizi topluyoruz. <b data-path-to-node=\"6\" data-index-in-node=\"107\">Ama\u00e7:<\/b> S\u00f6zle\u015fmenin yerine getirilmesi ve yasal y\u00fck\u00fcml\u00fcl\u00fcklerin yerine getirilmesi. <b data-path-to-node=\"6\" data-index-in-node=\"167\">Yasal Y\u00fck\u00fcml\u00fcl\u00fck (ESTI):<\/b> Bulgaristan'\u0131n Nessebar Belediyesi'nde kay\u0131tl\u0131 bir ev sahibi olarak, Bulgaristan Turizm Kanunu uyar\u0131nca konuk verilerini (tam ad\u0131, do\u011fum tarihi, vatanda\u015fl\u0131\u011f\u0131, kimlik\/pasaport numaras\u0131) toplamak ve bunlar\u0131 Birle\u015fik Turist Bilgi Sistemi'ne (ESTI) bildirmekle yasal olarak y\u00fck\u00fcml\u00fcy\u00fcm. <b data-path-to-node=\"6\" data-index-in-node=\"453\">Yasal Dayanak:<\/b> GDPR Madde 6 (1) (b) (S\u00f6zle\u015fme) ve GDPR Madde 6 (1) (c) (Yasal y\u00fck\u00fcml\u00fcl\u00fck).<\/p><p data-path-to-node=\"7\" class=\"translation-block\"><b data-path-to-node=\"7\" data-index-in-node=\"0\">1.3 Stripe arac\u0131l\u0131\u011f\u0131yla \u00f6deme<\/b> \u00d6demeleri i\u015flemek i\u00e7in Stripe hizmetini kullan\u0131yoruz. Rezervasyon s\u0131ras\u0131nda sa\u011flanan veriler Stripe \u015firketine (Stripe Payments Europe Ltd.) g\u00f6nderilir. Stripe, doland\u0131r\u0131c\u0131l\u0131\u011f\u0131 \u00f6nlemek ve i\u015flemi tamamlamak amac\u0131yla bu verileri ba\u011f\u0131ms\u0131z bir veri sorumlusu olarak i\u015fler.<\/p><p data-path-to-node=\"1\" class=\"translation-block\"><b data-path-to-node=\"1\" data-index-in-node=\"0\">1.4 Haber B\u00fclteni, \u0130leti\u015fim Formu, Jotform ve WhatsApp<\/b> Web sitemiz veya mesajla\u015fma hizmetleri arac\u0131l\u0131\u011f\u0131yla bizimle ileti\u015fime ge\u00e7ti\u011finizde, talebinizi i\u015fleme almak amac\u0131yla verilerinizi sakl\u0131yoruz.<\/p><p data-path-to-node=\"2\" class=\"translation-block\"><b data-path-to-node=\"2\" data-index-in-node=\"0\">Haber B\u00fclteni ve Mailchimp:<\/b> E-posta abone listemizi y\u00f6netmek ve haber b\u00fcltenleri g\u00f6ndermek i\u00e7in <b data-path-to-node=\"2\" data-index-in-node=\"31\">Mailchimp<\/b> (Intuit Inc., 675 Ponce De Leon Ave NE, Suite 5000, Atlanta, GA 30308, ABD) hizmetini kullan\u0131yoruz. Mailchimp, e-posta listesini y\u00f6netmek ve haber b\u00fclteninin performans\u0131n\u0131 (\u00f6r. a\u00e7\u0131lma oranlar\u0131) analiz etmek i\u00e7in e-posta adresinizi ve sa\u011flad\u0131\u011f\u0131n\u0131z di\u011fer verileri saklar. Bu hizmeti, istedi\u011finiz zaman geri \u00e7ekebilece\u011finiz r\u0131zan\u0131za dayanarak (GDPR Madde 6 (1) (a)) kullan\u0131yoruz. Verilerinizin korunmas\u0131n\u0131 sa\u011flamak i\u00e7in Mailchimp ile bir Veri \u0130\u015fleme Eki (DPA) imzalam\u0131\u015f bulunmaktay\u0131z.<\/p><p data-path-to-node=\"2\" class=\"translation-block\"><b data-path-to-node=\"5,1,0,0\" data-index-in-node=\"0\">\u0130leti\u015fim Formu:<\/b> \u0130leti\u015fim formumuza girilen veriler, talebinize yan\u0131t vermek amac\u0131yla do\u011frudan sunucumuzda i\u015flenmektedir (GDPR Madde 6 (1) (b)).<\/p><p data-path-to-node=\"3\" class=\"translation-block\"><b data-path-to-node=\"21,1,0\" data-index-in-node=\"0\">WhatsApp:<\/b> WhatsApp \u00fczerinden bizimle ileti\u015fime ge\u00e7erseniz, telefon numaran\u0131z ve mesaj i\u00e7eri\u011finiz i\u015flenecektir. Bu hizmeti, sizin onay\u0131n\u0131za dayanarak (GDPR Madde 6 (1) (a)) veya bir s\u00f6zle\u015fme ba\u015flatmak i\u00e7in kullan\u0131yoruz. Not: Veriler, Meta Platforms Ireland Ltd. taraf\u0131ndan ABD'deki sunuculara aktar\u0131labilir.<\/p><p data-path-to-node=\"4\" class=\"translation-block\"><b data-path-to-node=\"21,2,0\" data-index-in-node=\"0\">JotForm:<\/b> Yasal kay\u0131t (ESTI) i\u00e7in, verilerinizi g\u00fcvenli bir \u015fekilde toplamak amac\u0131yla JotForm kullan\u0131yoruz. JotForm ile bir Veri \u0130\u015fleme Eki (DPA) anla\u015fmam\u0131z bulunmaktad\u0131r.<\/p><p data-path-to-node=\"9\" class=\"translation-block\"><b data-path-to-node=\"9\" data-index-in-node=\"0\">1.5 \u00c7erezler, Google Haritalar, Sosyal Medya ve Reklamlar<\/b> Kullan\u0131c\u0131 deneyiminizi iyile\u015ftirmek amac\u0131yla \u00e7erezler kullan\u0131yoruz. <b data-path-to-node=\"9\" data-index-in-node=\"90\">Google Haritalar:<\/b> Sunny Beach'teki konumumuzu g\u00f6stermek i\u00e7in kullan\u0131l\u0131r. <b data-path-to-node=\"9\" data-index-in-node=\"145\">Pazarlama (Google\/Instagram Reklamlar\u0131):<\/b> Yaln\u0131zca \u00e7erez bildirimimiz (Complianz) arac\u0131l\u0131\u011f\u0131yla onay verdi\u011finiz takdirde izleme pikselleri kullan\u0131yoruz. <b data-path-to-node=\"9\" data-index-in-node=\"263\">Sosyal Medya (Facebook, Instagram, YouTube, Pinterest):<\/b> Konuklarla ileti\u015fim kurmak ve hizmetlerimizi tan\u0131tmak amac\u0131yla bu platformlarda profillerimiz bulunmaktad\u0131r. Bu sayfalar\u0131 ziyaret etti\u011finizde, ki\u015fisel verileriniz ilgili sa\u011flay\u0131c\u0131lar (Meta Platforms Ireland Ltd., Google Ireland Ltd., Pinterest Europe Ltd.) taraf\u0131ndan i\u015flenir. GDPR'nin 26. maddesine g\u00f6re, ziyaret\u00e7i istatistiklerinin (Insights\/Analytics) i\u015flenmesinden bu sa\u011flay\u0131c\u0131larla birlikte sorumluyuz. <b data-path-to-node=\"9\" data-index-in-node=\"708\">Yorum Widget'lar\u0131 (Trustindex):<\/b> Trustindex eklentisi arac\u0131l\u0131\u011f\u0131yla Airbnb, https:\/\/www.google.com\/url?sa=E&amp;source=gmail&amp;q=Booking.com ve Google gibi platformlardan gelen yorumlar\u0131 g\u00f6r\u00fcnt\u00fcleriz. Bu, IP adresinizin Trustindex ve yorum sa\u011flay\u0131c\u0131lar\u0131n\u0131n sunucular\u0131na aktar\u0131lmas\u0131n\u0131 i\u00e7erebilir.<\/p><p data-path-to-node=\"10\" class=\"translation-block\"><b data-path-to-node=\"10\" data-index-in-node=\"0\">1.6 Bar\u0131nd\u0131rma ve Veri \u0130\u015fleme (IONOS)<\/b> Web sitemiz, <b data-path-to-node=\"10\" data-index-in-node=\"65\">IONOS SE<\/b> (Elgendorfer Str. 57, 56410 Montabaur, Almanya) taraf\u0131ndan bar\u0131nd\u0131r\u0131lmaktad\u0131r. IONOS, bar\u0131nd\u0131rma, bulut hizmetleri ve BT deste\u011fi dahil olmak \u00fczere altyap\u0131 ve yaz\u0131l\u0131m hizmetleri sunmaktad\u0131r. Web sitemize eri\u015fti\u011finizde, IONOS, sitenin g\u00fcvenli ve verimli \u00e7al\u0131\u015fmas\u0131 i\u00e7in gerekli olan sunucu g\u00fcnl\u00fck dosyalar\u0131n\u0131 (IP adresleri dahil) toplar. <b data-path-to-node=\"10\" data-index-in-node=\"384\">Yasal Dayanak:<\/b> IONOS'un kullan\u0131m\u0131, GDPR Madde 6 (1) (f) (web sitemizin g\u00fcvenilir ve g\u00fcvenli bir \u015fekilde sunulmas\u0131na y\u00f6nelik me\u015fru menfaat) temelinde ger\u00e7ekle\u015ftirilir. <b data-path-to-node=\"10\" data-index-in-node=\"522\">Veri \u0130\u015fleme S\u00f6zle\u015fmesi (AVV):<\/b> GDPR Madde 28 (3) uyar\u0131nca IONOS ile bir Veri \u0130\u015fleme S\u00f6zle\u015fmesi (AVV) imzalam\u0131\u015f bulunmaktay\u0131z. Bu, IONOS'un ziyaret\u00e7ilerimizin ki\u015fisel verilerini yaln\u0131zca talimatlar\u0131m\u0131za uygun olarak ve GDPR'ye uygun \u015fekilde i\u015fledi\u011fini garanti eder.<\/p><h2 data-path-to-node=\"11\">2. Haklar\u0131n\u0131z<\/h2><p data-path-to-node=\"12\">GDPR kapsam\u0131nda, ki\u015fisel verilerinize her zaman eri\u015fme, bunlar\u0131 d\u00fczeltme veya silme hakk\u0131na sahipsiniz. Ayr\u0131ca, i\u015flemeyi k\u0131s\u0131tlama, itiraz etme ve veri ta\u015f\u0131nabilirli\u011fi haklar\u0131na da sahipsiniz. Bu haklar\u0131n\u0131z\u0131 kullanmak i\u00e7in l\u00fctfen info@marino-mar.com adresinden bizimle ileti\u015fime ge\u00e7in.<\/p>\t\t\t\t\t\t\t\t<\/div>\n\t\t\t\t\t<\/div>\n\t\t\t\t<\/div>\n\t\t\t\t<\/div>","protected":false},"excerpt":{"rendered":"<p>1. General Information The operator of this website takes the protection of your personal data very seriously. We treat your personal data confidentially and in accordance with the statutory data protection regulations (GDPR) and this Privacy Policy. 1.1 Data Controller Gaetano Marino Trauben 12 88250 Weingarten Germany Email: info@marino-mar.com 1.2 Booking and Statutory Reporting (ESTI &#8230;<\/p>","protected":false},"author":1,"featured_media":0,"parent":0,"menu_order":0,"comment_status":"closed","ping_status":"closed","template":"","meta":{"cozystay_single_page_hide_site_header":"","cozystay_single_page_site_header_source":"","cozystay_single_page_custom_site_header":"0","cozystay_single_page_custom_sticky_site_header":"0","cozystay_single_page_hide_page_title":"","cozystay_single_page_header_section_size":"","cozystay_single_page_header_background_color":"","cozystay_single_page_header_background_position_x":"center","cozystay_single_page_header_background_position_y":"center","cozystay_single_page_header_background_size":"cover","cozystay_single_page_header_background_repeat":"off","cozystay_single_page_header_background_scroll":"on","cozystay_single_page_header_text_color":"","cozystay_single_page_header_show_breadcrumb":"","cozystay_single_page_site_footer_hide_main":"","cozystay_single_custom_site_footer_main_source":"","cozystay_single_custom_site_footer_main":"0","cozystay_single_page_site_footer_hide_above":"","cozystay_single_custom_site_footer_above_source":"","cozystay_single_custom_site_footer_above":"0","cozystay_single_page_site_footer_hide_instagram":"","cozystay_single_page_site_footer_hide_bottom":"","cozystay_single_custom_mobile_menu_source":"","cozystay_single_custom_mobile_menu":"0","cozystay_single_custom_mobile_menu_animation":"","cozystay_single_custom_mobile_menu_width":"","cozystay_single_custom_mobile_menu_custom_width":375,"footnotes":""},"class_list":["post-3798","page","type-page","status-publish","hentry"],"_links":{"self":[{"href":"https:\/\/marino-mar.com\/tr\/wp-json\/wp\/v2\/pages\/3798","targetHints":{"allow":["GET"]}}],"collection":[{"href":"https:\/\/marino-mar.com\/tr\/wp-json\/wp\/v2\/pages"}],"about":[{"href":"https:\/\/marino-mar.com\/tr\/wp-json\/wp\/v2\/types\/page"}],"author":[{"embeddable":true,"href":"https:\/\/marino-mar.com\/tr\/wp-json\/wp\/v2\/users\/1"}],"replies":[{"embeddable":true,"href":"https:\/\/marino-mar.com\/tr\/wp-json\/wp\/v2\/comments?post=3798"}],"version-history":[{"count":31,"href":"https:\/\/marino-mar.com\/tr\/wp-json\/wp\/v2\/pages\/3798\/revisions"}],"predecessor-version":[{"id":6100,"href":"https:\/\/marino-mar.com\/tr\/wp-json\/wp\/v2\/pages\/3798\/revisions\/6100"}],"wp:attachment":[{"href":"https:\/\/marino-mar.com\/tr\/wp-json\/wp\/v2\/media?parent=3798"}],"curies":[{"name":"wp","href":"https:\/\/api.w.org\/{rel}","templated":true}]}}