{"id":3903,"date":"2026-02-04T12:32:47","date_gmt":"2026-02-04T11:32:47","guid":{"rendered":"https:\/\/marino-mar.com\/?page_id=3903"},"modified":"2026-03-15T12:16:45","modified_gmt":"2026-03-15T11:16:45","slug":"kullanim-sartlari-iptal-politikasi","status":"publish","type":"page","link":"https:\/\/marino-mar.com\/tr\/terms-of-use-cancellation-policy\/","title":{"rendered":"Kullan\u0131m Ko\u015fullar\u0131 ve \u0130ptal Politikas\u0131"},"content":{"rendered":"<div data-elementor-type=\"wp-page\" data-elementor-id=\"3903\" class=\"elementor elementor-3903\">\n\t\t\t\t<div class=\"elementor-element elementor-element-d05ab54 e-flex e-con-boxed e-con e-parent\" data-id=\"d05ab54\" data-element_type=\"container\" data-e-type=\"container\">\n\t\t\t\t\t<div class=\"e-con-inner\">\n\t\t\t\t<div class=\"elementor-element elementor-element-33855b6 elementor-widget elementor-widget-cs_text-editor\" data-id=\"33855b6\" data-element_type=\"widget\" data-e-type=\"widget\" data-widget_type=\"cs_text-editor.default\">\n\t\t\t\t<div class=\"elementor-widget-container\">\n\t\t\t\t\t<h3 data-path-to-node=\"6\">1. Kapsam ve Sa\u011flay\u0131c\u0131<\/h3><p data-path-to-node=\"7\" class=\"translation-block\">Bu \u015fartlar ve ko\u015fullar, marino-mar.com web sitesi \u00fczerinden yap\u0131lan t\u00fcm rezervasyonlar i\u00e7in ge\u00e7erlidir. S\u00f6zle\u015fme orta\u011f\u0131: <b data-path-to-node=\"7\" data-index-in-node=\"118\">Gaetano Marino<\/b>, Trauben 12, 88250 Weingarten, Almanya.<\/p><h3 data-path-to-node=\"8\">1.1 S\u00f6zle\u015fmenin Akdedilmesi<\/h3><p data-path-to-node=\"9\">Rezervasyon s\u00fcrecini tamamlayarak ve Stripe \u00fczerinden \u00f6deme yaparak, belirtilen s\u00fcre i\u00e7in ba\u011flay\u0131c\u0131 bir kiralama s\u00f6zle\u015fmesi imzalanm\u0131\u015f olur.<\/p><h3 data-path-to-node=\"10\">1.2 Fiyatlar ve \u00d6deme<\/h3><ul data-path-to-node=\"11\"><li><p data-path-to-node=\"11,0,0\">All prices are final prices.<\/p><\/li><li><p data-path-to-node=\"11,1,0\">Kiralama, Bulgaristan patent vergi sistemi kapsam\u0131nda \u00f6zel bir faaliyet oldu\u011fundan (Bulgaristan KDV Kanunu Madde 113), KDV tahsil edilmez veya g\u00f6sterilmez.<\/p><\/li><li><p data-path-to-node=\"11,2,0\">Rezervasyonu garantilemek i\u00e7in Stripe \u00fczerinden tam \u00f6deme yap\u0131lmas\u0131 gerekmektedir.<\/p><\/li><\/ul><h3 data-path-to-node=\"12\">1.3 \u0130ptal Politikas\u0131<\/h3><p data-path-to-node=\"13\" class=\"translation-block\">AB yasalar\u0131na g\u00f6re, belirli bir tarihte sa\u011flanan konaklama hizmetleri i\u00e7in <b data-path-to-node=\"13\" data-index-in-node=\"36\">14 g\u00fcnl\u00fck cayma hakk\u0131 yoktur<\/b> (\u00a7 312g para. 2 no. 9 BGB).<\/p><p data-path-to-node=\"13\" class=\"translation-block\"><b data-path-to-node=\"5\" data-index-in-node=\"0\">\u0130ptaller yaz\u0131l\u0131 olarak yap\u0131lmal\u0131d\u0131r. En kolay yol, rezervasyon onay e-postas\u0131na cevap vermektir.<\/b> \u0130ptal s\u00fcresinin hesaplanmas\u0131nda, iptal talebinin al\u0131nd\u0131\u011f\u0131 tarih esas al\u0131n\u0131r:<\/p><ul data-path-to-node=\"14\"><li><p data-path-to-node=\"14,0,0\" class=\"translation-block\"><b data-path-to-node=\"14,0,0\" data-index-in-node=\"0\">Var\u0131\u015ftan 30 g\u00fcn \u00f6ncesine kadar iptal:<\/b> Rezervasyon tutar\u0131n\u0131n tamam\u0131 iade edilir.<\/p><\/li><li><p data-path-to-node=\"14,1,0\" class=\"translation-block\"><b data-path-to-node=\"14,1,0\" data-index-in-node=\"0\">Var\u0131\u015ftan 29 ila 14 g\u00fcn \u00f6nce yap\u0131lan iptaller:<\/b> Toplam rezervasyon tutar\u0131n\u0131n 'si iade edilir.<\/p><\/li><li><p data-path-to-node=\"14,2,0\" class=\"translation-block\"><b data-path-to-node=\"14,2,0\" data-index-in-node=\"0\">Var\u0131\u015ftan 14 g\u00fcn \u00f6nce yap\u0131lan iptal veya No-Show:<\/b> Para iadesi yap\u0131lmayacakt\u0131r.<\/p><\/li><li><p data-path-to-node=\"14,3,0\" class=\"translation-block\"><b data-path-to-node=\"14,3,0\" data-index-in-node=\"0\">Not:<\/b> Beklenmedik olaylar\u0131 kar\u015f\u0131lamak i\u00e7in seyahat iptal sigortas\u0131 sat\u0131n alman\u0131z\u0131 \u00f6neririz.<\/p><\/li><\/ul><h3 data-path-to-node=\"15\">1.4 Zorunlu Kay\u0131t (ESTI)<\/h3><p data-path-to-node=\"16\">Konuk, Bulgaristan Turist Kayd\u0131 (ESTI) i\u00e7in yasal olarak ki\u015fisel verilerini (Pasaport\/Kimlik) sa\u011flamakla y\u00fck\u00fcml\u00fcd\u00fcr. Bu i\u015flem, rezervasyon sonras\u0131nda sa\u011flanan g\u00fcvenli JotForm ba\u011flant\u0131s\u0131 \u00fczerinden ger\u00e7ekle\u015ftirilir.<\/p>\t\t\t\t<\/div>\n\t\t\t\t<\/div>\n\t\t\t\t\t<\/div>\n\t\t\t\t<\/div>\n\t\t\t\t<\/div>","protected":false},"excerpt":{"rendered":"<p>1. Scope and Provider These terms and conditions apply to all bookings made through the website marino-mar.com. The contractual partner is: Gaetano Marino, Trauben 12, 88250 Weingarten, Germany. 1.1 Conclusion of Contract By completing the booking process and making a payment via Stripe, a binding rental agreement is concluded for the specified period. 1.2 Prices &#8230;<\/p>","protected":false},"author":1,"featured_media":0,"parent":0,"menu_order":0,"comment_status":"closed","ping_status":"closed","template":"","meta":{"cozystay_single_page_hide_site_header":"","cozystay_single_page_site_header_source":"","cozystay_single_page_custom_site_header":"0","cozystay_single_page_custom_sticky_site_header":"0","cozystay_single_page_hide_page_title":"","cozystay_single_page_header_section_size":"","cozystay_single_page_header_background_color":"","cozystay_single_page_header_background_position_x":"center","cozystay_single_page_header_background_position_y":"center","cozystay_single_page_header_background_size":"cover","cozystay_single_page_header_background_repeat":"off","cozystay_single_page_header_background_scroll":"on","cozystay_single_page_header_text_color":"","cozystay_single_page_header_show_breadcrumb":"","cozystay_single_page_site_footer_hide_main":"","cozystay_single_custom_site_footer_main_source":"","cozystay_single_custom_site_footer_main":"0","cozystay_single_page_site_footer_hide_above":"","cozystay_single_custom_site_footer_above_source":"","cozystay_single_custom_site_footer_above":"0","cozystay_single_page_site_footer_hide_instagram":"","cozystay_single_page_site_footer_hide_bottom":"","cozystay_single_custom_mobile_menu_source":"","cozystay_single_custom_mobile_menu":"0","cozystay_single_custom_mobile_menu_animation":"","cozystay_single_custom_mobile_menu_width":"","cozystay_single_custom_mobile_menu_custom_width":375,"footnotes":""},"class_list":["post-3903","page","type-page","status-publish","hentry"],"_links":{"self":[{"href":"https:\/\/marino-mar.com\/tr\/wp-json\/wp\/v2\/pages\/3903","targetHints":{"allow":["GET"]}}],"collection":[{"href":"https:\/\/marino-mar.com\/tr\/wp-json\/wp\/v2\/pages"}],"about":[{"href":"https:\/\/marino-mar.com\/tr\/wp-json\/wp\/v2\/types\/page"}],"author":[{"embeddable":true,"href":"https:\/\/marino-mar.com\/tr\/wp-json\/wp\/v2\/users\/1"}],"replies":[{"embeddable":true,"href":"https:\/\/marino-mar.com\/tr\/wp-json\/wp\/v2\/comments?post=3903"}],"version-history":[{"count":10,"href":"https:\/\/marino-mar.com\/tr\/wp-json\/wp\/v2\/pages\/3903\/revisions"}],"predecessor-version":[{"id":5649,"href":"https:\/\/marino-mar.com\/tr\/wp-json\/wp\/v2\/pages\/3903\/revisions\/5649"}],"wp:attachment":[{"href":"https:\/\/marino-mar.com\/tr\/wp-json\/wp\/v2\/media?parent=3903"}],"curies":[{"name":"wp","href":"https:\/\/api.w.org\/{rel}","templated":true}]}}