{"id":3952,"date":"2026-02-05T12:02:04","date_gmt":"2026-02-05T11:02:04","guid":{"rendered":"https:\/\/marino-mar.com\/?page_id=3952"},"modified":"2026-03-15T12:15:37","modified_gmt":"2026-03-15T11:15:37","slug":"ev-kurallari-sorumluluk-sozlesmesi","status":"publish","type":"page","link":"https:\/\/marino-mar.com\/tr\/house-rules-liability-agreement\/","title":{"rendered":"Ev Kurallar\u0131"},"content":{"rendered":"<div data-elementor-type=\"wp-page\" data-elementor-id=\"3952\" class=\"elementor elementor-3952\">\n\t\t\t\t<div class=\"elementor-element elementor-element-3e40451 e-flex e-con-boxed e-con e-parent\" data-id=\"3e40451\" data-element_type=\"container\" data-e-type=\"container\">\n\t\t\t\t\t<div class=\"e-con-inner\">\n\t\t\t\t<div class=\"elementor-element elementor-element-2a1f788 elementor-widget elementor-widget-cs_text-editor\" data-id=\"2a1f788\" data-element_type=\"widget\" data-e-type=\"widget\" data-widget_type=\"cs_text-editor.default\">\n\t\t\t\t<div class=\"elementor-widget-container\">\n\t\t\t\t\t<h3 data-path-to-node=\"3\"><b data-path-to-node=\"3\" data-index-in-node=\"0\">House Rules &amp; Liability Agreement<\/b><\/h3><p data-path-to-node=\"4\"><b data-path-to-node=\"4\" data-index-in-node=\"0\">1. Dairelerimiz (\u00d6zel M\u00fclkiyet)<\/b><\/p><ul data-path-to-node=\"5\"><li><p data-path-to-node=\"5,0,0\" class=\"translation-block\"><b data-path-to-node=\"5,0,0\" data-index-in-node=\"0\">M\u00fclkiyetin Bak\u0131m\u0131:<\/b> Butik st\u00fcdyolar\u0131m\u0131z \u00f6zel m\u00fclkiyete aittir. \u0130\u00e7 mekan ve ekipmanlara \u00f6zen g\u00f6stermenizi rica ederiz.<\/p><\/li><li><p data-path-to-node=\"5,1,0\" class=\"translation-block\"><b data-path-to-node=\"5,1,0\" data-index-in-node=\"0\">Zorunlu Bildirim:<\/b> Konaklaman\u0131z s\u0131ras\u0131nda kazara veya ba\u015fka bir \u015fekilde meydana gelen her t\u00fcrl\u00fc hasar, <b data-path-to-node=\"5,1,0\" data-index-in-node=\"90\">derhal y\u00f6netime bildirilmelidir<\/b>. Bu sayede st\u00fcdyonun bir sonraki misafir i\u00e7in haz\u0131r olmas\u0131n\u0131 sa\u011flayabiliriz.<\/p><\/li><li><p data-path-to-node=\"5,2,0\" class=\"translation-block\"><b data-path-to-node=\"5,2,0\" data-index-in-node=\"0\">Sigara i\u00e7ilmez:<\/b> St\u00fcdyolar\u0131n i\u00e7inde sigara i\u00e7mek kesinlikle yasakt\u0131r.<\/p><\/li><\/ul><p data-path-to-node=\"6\"><b data-path-to-node=\"6\" data-index-in-node=\"0\">2. Havuz ve Spa Alan\u0131 (Sorumluluk Hari\u00e7 Tutulmas\u0131)<\/b><\/p><ul data-path-to-node=\"7\"><li><p data-path-to-node=\"7,0,0\" class=\"translation-block\"><b data-path-to-node=\"7,0,0\" data-index-in-node=\"0\">Kendi Riskinizde Kullan\u0131n:<\/b> Y\u00fczme havuzlar\u0131, Fin saunas\u0131 ve buhar banyosunun kullan\u0131m\u0131 tamamen konuklar\u0131n kendi sorumlulu\u011fundad\u0131r. Y\u00f6netim, bu tesislerin kullan\u0131m\u0131ndan kaynaklanan yaralanmalar veya sa\u011fl\u0131k sorunlar\u0131 konusunda hi\u00e7bir sorumluluk kabul etmez.<\/p><\/li><li><p data-path-to-node=\"7,1,0\" class=\"translation-block\"><b data-path-to-node=\"7,1,0\" data-index-in-node=\"0\">G\u00f6zetim:<\/b> \u00c7ocuklar, havuz ve spa alanlar\u0131nda her zaman bir yeti\u015fkin taraf\u0131ndan g\u00f6zetim alt\u0131nda tutulmal\u0131d\u0131r.<\/p><\/li><li><p data-path-to-node=\"7,2,0\" class=\"translation-block\"><b data-path-to-node=\"7,2,0\" data-index-in-node=\"0\">Ekipman Sorumlulu\u011fu:<\/b> Havuz veya spa teknik ekipmanlar\u0131na (\u00f6rne\u011fin sauna \u0131s\u0131t\u0131c\u0131lar\u0131, filtreleme sistemleri) yanl\u0131\u015f kullan\u0131mdan kaynaklanan her t\u00fcrl\u00fc hasar, konu\u011fun mali sorumlulu\u011fundad\u0131r.<\/p><\/li><\/ul><p data-path-to-node=\"8\"><b data-path-to-node=\"8\" data-index-in-node=\"0\">3. Daireler i\u00e7in G\u00fcvenlik Depozitosu (Ya\u015fam alan\u0131 ve mobilyalar)<\/b><\/p><ul><li><p data-path-to-node=\"7,1,0,0\" class=\"translation-block\"><b data-path-to-node=\"7,1,0,0\" data-index-in-node=\"0\">Miktar:<\/b> Her rezervasyon i\u00e7in, olas\u0131 hasarlar\u0131 veya ev kurallar\u0131n\u0131n ihlallerini (\u00f6rne\u011fin sigara i\u00e7me, hasarlar, evcil hayvanlar veya di\u011ferleri) kar\u015f\u0131lamak \u00fczere 100 \u20ac tutar\u0131nda bir g\u00fcvenlik depozitosu gereklidir.<\/p><\/li><li><p data-path-to-node=\"7,1,1,0\" class=\"translation-block\"><b data-path-to-node=\"7,1,1,0\" data-index-in-node=\"0\">Prosed\u00fcr:<\/b> Depozito, rezervasyon s\u0131ras\u0131nda tahsil edilir.<\/p><\/li><li><p data-path-to-node=\"7,1,2,0\" class=\"translation-block\"><b data-path-to-node=\"7,1,2,0\" data-index-in-node=\"0\">\u0130ade:<\/b> Check-out i\u015fleminden sonra, yerel ekibimiz st\u00fcdyoyu inceleyecektir. Herhangi bir hasar bulunmazsa ve t\u00fcm ev kurallar\u0131na uyulmu\u015fsa, 3 i\u015f g\u00fcn\u00fc i\u00e7inde \u00f6demenizin tamam\u0131 orijinal \u00f6deme y\u00f6ntemine iade edilecektir.<\/p><\/li><li><p data-path-to-node=\"7,1,3,0\" class=\"translation-block\"><b data-path-to-node=\"7,1,3,0\" data-index-in-node=\"0\">Kesintiler:<\/b> Depozitoyu a\u015fan hasar durumunda, konuk tam onar\u0131m masraflar\u0131ndan sorumludur.<\/p><\/li><\/ul>\t\t\t\t<\/div>\n\t\t\t\t<\/div>\n\t\t\t\t\t<\/div>\n\t\t\t\t<\/div>\n\t\t\t\t<\/div>","protected":false},"excerpt":{"rendered":"<p>House Rules &amp; Liability Agreement 1. Our Apartments (Private Property) Care of Property: Our boutique studios are privately owned. We ask you to treat the interior and equipment with care. Mandatory Reporting: Any damage caused during your stay, whether accidental or otherwise, must be reported to the management immediately. This allows us to ensure the &#8230;<\/p>","protected":false},"author":1,"featured_media":0,"parent":0,"menu_order":0,"comment_status":"closed","ping_status":"closed","template":"","meta":{"cozystay_single_page_hide_site_header":"","cozystay_single_page_site_header_source":"","cozystay_single_page_custom_site_header":"0","cozystay_single_page_custom_sticky_site_header":"0","cozystay_single_page_hide_page_title":"","cozystay_single_page_header_section_size":"","cozystay_single_page_header_background_color":"","cozystay_single_page_header_background_position_x":"center","cozystay_single_page_header_background_position_y":"center","cozystay_single_page_header_background_size":"cover","cozystay_single_page_header_background_repeat":"off","cozystay_single_page_header_background_scroll":"on","cozystay_single_page_header_text_color":"","cozystay_single_page_header_show_breadcrumb":"","cozystay_single_page_site_footer_hide_main":"","cozystay_single_custom_site_footer_main_source":"","cozystay_single_custom_site_footer_main":"0","cozystay_single_page_site_footer_hide_above":"","cozystay_single_custom_site_footer_above_source":"","cozystay_single_custom_site_footer_above":"0","cozystay_single_page_site_footer_hide_instagram":"","cozystay_single_page_site_footer_hide_bottom":"","cozystay_single_custom_mobile_menu_source":"","cozystay_single_custom_mobile_menu":"0","cozystay_single_custom_mobile_menu_animation":"","cozystay_single_custom_mobile_menu_width":"","cozystay_single_custom_mobile_menu_custom_width":375,"footnotes":""},"class_list":["post-3952","page","type-page","status-publish","hentry"],"_links":{"self":[{"href":"https:\/\/marino-mar.com\/tr\/wp-json\/wp\/v2\/pages\/3952","targetHints":{"allow":["GET"]}}],"collection":[{"href":"https:\/\/marino-mar.com\/tr\/wp-json\/wp\/v2\/pages"}],"about":[{"href":"https:\/\/marino-mar.com\/tr\/wp-json\/wp\/v2\/types\/page"}],"author":[{"embeddable":true,"href":"https:\/\/marino-mar.com\/tr\/wp-json\/wp\/v2\/users\/1"}],"replies":[{"embeddable":true,"href":"https:\/\/marino-mar.com\/tr\/wp-json\/wp\/v2\/comments?post=3952"}],"version-history":[{"count":24,"href":"https:\/\/marino-mar.com\/tr\/wp-json\/wp\/v2\/pages\/3952\/revisions"}],"predecessor-version":[{"id":5487,"href":"https:\/\/marino-mar.com\/tr\/wp-json\/wp\/v2\/pages\/3952\/revisions\/5487"}],"wp:attachment":[{"href":"https:\/\/marino-mar.com\/tr\/wp-json\/wp\/v2\/media?parent=3952"}],"curies":[{"name":"wp","href":"https:\/\/api.w.org\/{rel}","templated":true}]}}